{"id":16763,"date":"2025-08-14T20:56:28","date_gmt":"2025-08-14T18:56:28","guid":{"rendered":"https:\/\/recupeplus.com\/?page_id=16763"},"modified":"2025-08-14T21:00:15","modified_gmt":"2025-08-14T19:00:15","slug":"terminos-y-condiciones","status":"publish","type":"page","link":"https:\/\/recupeplus.com\/en\/terminos-y-condiciones\/","title":{"rendered":"Terms and Conditions"},"content":{"rendered":"<p>This page contains the Terms and Conditions of IsolateCR operating under the brand name Recup\u00e9 Plus.<\/p>\n\n\n\n<h2 class=\"wp-block-heading\">1. General <\/h2>\n\n\n\n<p>This website is operated by IsolateCR. Throughout the site, the terms \"we\", \"us\" and \"our\" refer to IsolateCR and any of our brands including S\u00f6 Flow Co. and RECUP\u00c9 Plus. By visiting our site or purchasing something from us, you agree to our \"Service\" and accept the following terms and conditions.<\/p>\n\n\n\n<h2 class=\"wp-block-heading\">2. Changes <\/h2>\n\n\n\n<p>We reserve the right to update, modify or replace any part of these Terms of Service by posting updates and\/or changes on our website. It is your responsibility to check this page periodically for changes. Your continued use of the site constitutes your acceptance of the changes.<\/p>\n\n\n\n<h2 class=\"wp-block-heading\">3. Use of the Store <\/h2>\n\n\n\n<p>By agreeing to these Terms of Service, you represent that you are of legal age in your jurisdiction, and you give us consent for your minor dependents to use this site.<\/p>\n\n\n\n<h2 class=\"wp-block-heading\">4. Service Modifications <\/h2>\n\n\n\n<p>We reserve the right to modify or discontinue the Service, or any part of the content, at any time without notice. In addition, we reserve the right to change these Terms and Conditions at any time. We encourage users to check the website regularly to ensure that they are aware of the most current version.<\/p>\n\n\n\n<h2 class=\"wp-block-heading\">5. Products and Services <\/h2>\n\n\n\n<p>Certain products or services may be available exclusively online. They may have limited quantities and are subject to return in accordance with our return policy.<\/p>\n\n\n\n<h2 class=\"wp-block-heading\">6. Personal Information <\/h2>\n\n\n\n<p>The submission of your personal information through the store is governed by our Privacy Policy.<\/p>\n\n\n\n<h2 class=\"wp-block-heading\">7. Disclaimer of Warranties <\/h2>\n\n\n\n<p>We do not warrant that your use of the service will be uninterrupted or error-free. You agree that use of the service is at your own risk.<\/p>\n\n\n\n<h2 class=\"wp-block-heading\">8. Contact <\/h2>\n\n\n\n<p>For questions or complaints, please contact us at: isolatecr@gmail.com<\/p>\n\n\n\n<p><\/p>","protected":false},"excerpt":{"rendered":"<p>Esta p\u00e1gina contiene los T\u00e9rminos y Condiciones de IsolateCR operando bajo la marca Recup\u00e9 Plus. 1. General Este sitio web<\/p>","protected":false},"author":1,"featured_media":0,"parent":0,"menu_order":0,"comment_status":"closed","ping_status":"closed","template":"","meta":{"_joinchat":[],"footnotes":""},"class_list":["post-16763","page","type-page","status-publish","hentry"],"yoast_head":"<!-- This site is optimized with the Yoast SEO plugin v27.3 - https:\/\/yoast.com\/product\/yoast-seo-wordpress\/ -->\n<title>T\u00e9rminos y Condiciones - Recup\u00e9 Plus<\/title>\n<meta name=\"robots\" content=\"index, follow, max-snippet:-1, max-image-preview:large, max-video-preview:-1\" \/>\n<link rel=\"canonical\" href=\"https:\/\/recupeplus.com\/en\/terminos-y-condiciones\/\" \/>\n<meta property=\"og:locale\" content=\"en_US\" \/>\n<meta property=\"og:type\" content=\"article\" \/>\n<meta property=\"og:title\" content=\"T\u00e9rminos y Condiciones - Recup\u00e9 Plus\" \/>\n<meta property=\"og:description\" content=\"Esta p\u00e1gina contiene los T\u00e9rminos y Condiciones de IsolateCR operando bajo la marca Recup\u00e9 Plus. 1. General Este sitio web\" \/>\n<meta property=\"og:url\" content=\"https:\/\/recupeplus.com\/en\/terminos-y-condiciones\/\" \/>\n<meta property=\"og:site_name\" content=\"Recup\u00e9 Plus\" \/>\n<meta property=\"article:publisher\" content=\"https:\/\/www.facebook.com\/recupeplus\/\" \/>\n<meta property=\"article:modified_time\" content=\"2025-08-14T19:00:15+00:00\" \/>\n<meta name=\"twitter:card\" content=\"summary_large_image\" \/>\n<meta name=\"twitter:label1\" content=\"Est. reading time\" \/>\n\t<meta name=\"twitter:data1\" content=\"2 minutes\" \/>\n<script type=\"application\/ld+json\" class=\"yoast-schema-graph\">{\"@context\":\"https:\\\/\\\/schema.org\",\"@graph\":[{\"@type\":\"WebPage\",\"@id\":\"https:\\\/\\\/recupeplus.com\\\/terminos-y-condiciones\\\/\",\"url\":\"https:\\\/\\\/recupeplus.com\\\/terminos-y-condiciones\\\/\",\"name\":\"T\u00e9rminos y Condiciones - Recup\u00e9 Plus\",\"isPartOf\":{\"@id\":\"https:\\\/\\\/recupeplus.com\\\/#website\"},\"datePublished\":\"2025-08-14T18:56:28+00:00\",\"dateModified\":\"2025-08-14T19:00:15+00:00\",\"breadcrumb\":{\"@id\":\"https:\\\/\\\/recupeplus.com\\\/terminos-y-condiciones\\\/#breadcrumb\"},\"inLanguage\":\"en-US\",\"potentialAction\":[{\"@type\":\"ReadAction\",\"target\":[\"https:\\\/\\\/recupeplus.com\\\/terminos-y-condiciones\\\/\"]}]},{\"@type\":\"BreadcrumbList\",\"@id\":\"https:\\\/\\\/recupeplus.com\\\/terminos-y-condiciones\\\/#breadcrumb\",\"itemListElement\":[{\"@type\":\"ListItem\",\"position\":1,\"name\":\"Portada\",\"item\":\"https:\\\/\\\/recupeplus.com\\\/\"},{\"@type\":\"ListItem\",\"position\":2,\"name\":\"T\u00e9rminos y Condiciones\"}]},{\"@type\":\"WebSite\",\"@id\":\"https:\\\/\\\/recupeplus.com\\\/#website\",\"url\":\"https:\\\/\\\/recupeplus.com\\\/\",\"name\":\"Recup\u00e9 Plus\",\"description\":\"Hongos Medicinales\",\"publisher\":{\"@id\":\"https:\\\/\\\/recupeplus.com\\\/#organization\"},\"potentialAction\":[{\"@type\":\"SearchAction\",\"target\":{\"@type\":\"EntryPoint\",\"urlTemplate\":\"https:\\\/\\\/recupeplus.com\\\/?s={search_term_string}\"},\"query-input\":{\"@type\":\"PropertyValueSpecification\",\"valueRequired\":true,\"valueName\":\"search_term_string\"}}],\"inLanguage\":\"en-US\"},{\"@type\":\"Organization\",\"@id\":\"https:\\\/\\\/recupeplus.com\\\/#organization\",\"name\":\"Recup\u00e9 Plus\",\"url\":\"https:\\\/\\\/recupeplus.com\\\/\",\"logo\":{\"@type\":\"ImageObject\",\"inLanguage\":\"en-US\",\"@id\":\"https:\\\/\\\/recupeplus.com\\\/#\\\/schema\\\/logo\\\/image\\\/\",\"url\":\"https:\\\/\\\/recupeplus.com\\\/wp-content\\\/uploads\\\/2024\\\/05\\\/Logo_RecupePlus.avif\",\"contentUrl\":\"https:\\\/\\\/recupeplus.com\\\/wp-content\\\/uploads\\\/2024\\\/05\\\/Logo_RecupePlus.avif\",\"width\":500,\"height\":170,\"caption\":\"Recup\u00e9 Plus\"},\"image\":{\"@id\":\"https:\\\/\\\/recupeplus.com\\\/#\\\/schema\\\/logo\\\/image\\\/\"},\"sameAs\":[\"https:\\\/\\\/www.facebook.com\\\/recupeplus\\\/\"]}]}<\/script>\n<!-- \/ Yoast SEO plugin. -->","yoast_head_json":{"title":"T\u00e9rminos y Condiciones - Recup\u00e9 Plus","robots":{"index":"index","follow":"follow","max-snippet":"max-snippet:-1","max-image-preview":"max-image-preview:large","max-video-preview":"max-video-preview:-1"},"canonical":"https:\/\/recupeplus.com\/en\/terminos-y-condiciones\/","og_locale":"en_US","og_type":"article","og_title":"T\u00e9rminos y Condiciones - Recup\u00e9 Plus","og_description":"Esta p\u00e1gina contiene los T\u00e9rminos y Condiciones de IsolateCR operando bajo la marca Recup\u00e9 Plus. 1. General Este sitio web","og_url":"https:\/\/recupeplus.com\/en\/terminos-y-condiciones\/","og_site_name":"Recup\u00e9 Plus","article_publisher":"https:\/\/www.facebook.com\/recupeplus\/","article_modified_time":"2025-08-14T19:00:15+00:00","twitter_card":"summary_large_image","twitter_misc":{"Est. reading time":"2 minutes"},"schema":{"@context":"https:\/\/schema.org","@graph":[{"@type":"WebPage","@id":"https:\/\/recupeplus.com\/terminos-y-condiciones\/","url":"https:\/\/recupeplus.com\/terminos-y-condiciones\/","name":"T\u00e9rminos y Condiciones - Recup\u00e9 Plus","isPartOf":{"@id":"https:\/\/recupeplus.com\/#website"},"datePublished":"2025-08-14T18:56:28+00:00","dateModified":"2025-08-14T19:00:15+00:00","breadcrumb":{"@id":"https:\/\/recupeplus.com\/terminos-y-condiciones\/#breadcrumb"},"inLanguage":"en-US","potentialAction":[{"@type":"ReadAction","target":["https:\/\/recupeplus.com\/terminos-y-condiciones\/"]}]},{"@type":"BreadcrumbList","@id":"https:\/\/recupeplus.com\/terminos-y-condiciones\/#breadcrumb","itemListElement":[{"@type":"ListItem","position":1,"name":"Portada","item":"https:\/\/recupeplus.com\/"},{"@type":"ListItem","position":2,"name":"T\u00e9rminos y Condiciones"}]},{"@type":"WebSite","@id":"https:\/\/recupeplus.com\/#website","url":"https:\/\/recupeplus.com\/","name":"Recup\u00e9 Plus","description":"Medicinal Mushrooms","publisher":{"@id":"https:\/\/recupeplus.com\/#organization"},"potentialAction":[{"@type":"SearchAction","target":{"@type":"EntryPoint","urlTemplate":"https:\/\/recupeplus.com\/?s={search_term_string}"},"query-input":{"@type":"PropertyValueSpecification","valueRequired":true,"valueName":"search_term_string"}}],"inLanguage":"en-US"},{"@type":"Organization","@id":"https:\/\/recupeplus.com\/#organization","name":"Recup\u00e9 Plus","url":"https:\/\/recupeplus.com\/","logo":{"@type":"ImageObject","inLanguage":"en-US","@id":"https:\/\/recupeplus.com\/#\/schema\/logo\/image\/","url":"https:\/\/recupeplus.com\/wp-content\/uploads\/2024\/05\/Logo_RecupePlus.avif","contentUrl":"https:\/\/recupeplus.com\/wp-content\/uploads\/2024\/05\/Logo_RecupePlus.avif","width":500,"height":170,"caption":"Recup\u00e9 Plus"},"image":{"@id":"https:\/\/recupeplus.com\/#\/schema\/logo\/image\/"},"sameAs":["https:\/\/www.facebook.com\/recupeplus\/"]}]}},"_links":{"self":[{"href":"https:\/\/recupeplus.com\/en\/wp-json\/wp\/v2\/pages\/16763","targetHints":{"allow":["GET"]}}],"collection":[{"href":"https:\/\/recupeplus.com\/en\/wp-json\/wp\/v2\/pages"}],"about":[{"href":"https:\/\/recupeplus.com\/en\/wp-json\/wp\/v2\/types\/page"}],"author":[{"embeddable":true,"href":"https:\/\/recupeplus.com\/en\/wp-json\/wp\/v2\/users\/1"}],"replies":[{"embeddable":true,"href":"https:\/\/recupeplus.com\/en\/wp-json\/wp\/v2\/comments?post=16763"}],"version-history":[{"count":0,"href":"https:\/\/recupeplus.com\/en\/wp-json\/wp\/v2\/pages\/16763\/revisions"}],"wp:attachment":[{"href":"https:\/\/recupeplus.com\/en\/wp-json\/wp\/v2\/media?parent=16763"}],"curies":[{"name":"wp","href":"https:\/\/api.w.org\/{rel}","templated":true}]}}