{"id":15598,"date":"2024-05-15T19:32:46","date_gmt":"2024-05-15T17:32:46","guid":{"rendered":"https:\/\/desarrollo.clickdigitalcr.com\/recupeplus\/?post_type=product&#038;p=15598"},"modified":"2026-04-16T22:09:13","modified_gmt":"2026-04-16T20:09:13","slug":"recovery","status":"publish","type":"product","link":"https:\/\/recupeplus.com\/en\/product\/recovery\/","title":{"rendered":"RECOVERY"},"content":{"rendered":"<div data-elementor-type=\"product-post\" data-elementor-id=\"15598\" class=\"elementor elementor-15598\" data-elementor-post-type=\"product\">\n\t\t\t\t<div class=\"wd-negative-gap elementor-element elementor-element-93c7dbd e-flex e-con-boxed e-con e-parent\" data-id=\"93c7dbd\" data-element_type=\"container\" data-e-type=\"container\">\n\t\t\t\t\t<div class=\"e-con-inner\">\n\t\t\t\t<div class=\"elementor-element elementor-element-67331d4 color-scheme-inherit text-left elementor-widget elementor-widget-text-editor\" data-id=\"67331d4\" data-element_type=\"widget\" data-e-type=\"widget\" data-widget_type=\"text-editor.default\">\n\t\t\t\t<div class=\"elementor-widget-container\">\n\t\t\t\t\t\t\t\t\t<h2 class=\"product_title entry-title wd-entities-title\">RECUP\u00c9 PLUS RECOVERY<\/h2>\nOur capsules with <strong>three adaptogenic mushrooms: 60% <a href=\"https:\/\/recupeplus.com\/en\/reishi\/\">Reishi<\/a>, 20% <a href=\"https:\/\/recupeplus.com\/en\/lions-mane\/\">Lion's mane<\/a>and 20% <a href=\"https:\/\/recupeplus.com\/en\/cordyceps\/\">Cordyceps<\/a><\/strong> offer synergistic benefits that support every cell to regenerate.\n\nThe synergy of the three adaptogenic mushrooms (Reishi, Lion's Mane and Cordyceps) in one capsule offers specific health benefits:\n<h3>1. Hormonal balance:<\/h3>\nThey help balance hormone levels such as cortisol and estrogen, which is beneficial for regulating the endocrine system and improving the body's response to stress. They contribute to hormone regulation, and by supporting the health of the nervous system, they influence the production and balance of various hormones. In turn, they improve energy and reduce stress, which has a positive impact on hormones.\n<h3>Sleep regulation:<\/h3>\nPromote better quality sleep by helping to calm the mind and reduce anxiety, which can result in longer and deeper sleep. They regulate the nervous system, improving sleep quality and supporting maintaining a more consistent sleep pattern. By reducing stress and improving energy during the day, a balance is established that supports a more restful night's sleep.\n<h3>3. Improvement of energy and mood:<\/h3>\nProvide sustained energy by improving immune system function and reducing fatigue, which has a positive effect on mood. Combat mental and physical fatigue by supporting the health of the nervous system, which improves both energy and mood. In turn, they improve physical and mental endurance, elevating mood and reducing feelings of fatigue.\n<h3>4. Nervous system and memory support:<\/h3>\nThey protect nerve cells and promote neuronal communication, improving cognitive function and supporting memory. They improve the overall health of the nervous system and have positive effects on memory, concentration and mental acuity. By reducing stress and improving energy, they contribute to better brain function and may support memory through increased mental clarity.\n\nIn summary, the synergy of these three adaptogenic mushrooms in one capsule can provide a wide range of health benefits, including hormone balance, sleep regulation, improved energy and mood, and nervous system and memory support.\t\t\t\t\t\t\t\t<\/div>\n\t\t\t\t<\/div>\n\t\t\t\t\t<\/div>\n\t\t\t\t<\/div>\n\t\t\t\t<\/div>","protected":false},"excerpt":{"rendered":"<p class=\"p1\"><strong>Food supplement in capsules based on mushrooms: REISHI, CORDYCEPS and LION'S MANE.<\/strong><\/p>\n<p>It provides mental and muscular recovery to the body, reduces stress, fatigue and physical and mental exhaustion, anti-inflammatory, provides general well-being due to its antioxidant content. It is useful for recovery after a hard training or competition, an illness or surgery.<\/p>","protected":false},"featured_media":17070,"comment_status":"open","ping_status":"closed","template":"","meta":{"_joinchat":[]},"product_brand":[],"product_cat":[72],"product_tag":[],"class_list":{"0":"post-15598","1":"product","2":"type-product","3":"status-publish","4":"has-post-thumbnail","6":"product_cat-hongos-medicinales","8":"first","9":"instock","10":"taxable","11":"shipping-taxable","12":"purchasable","13":"product-type-simple"},"yoast_head":"<!-- This site is optimized with the Yoast SEO plugin v27.3 - https:\/\/yoast.com\/product\/yoast-seo-wordpress\/ -->\n<title>RECOVERY - Recup\u00e9 Plus<\/title>\n<meta name=\"robots\" content=\"index, follow, max-snippet:-1, max-image-preview:large, max-video-preview:-1\" \/>\n<link rel=\"canonical\" href=\"https:\/\/recupeplus.com\/en\/product\/recovery\/\" \/>\n<meta property=\"og:locale\" content=\"en_US\" \/>\n<meta property=\"og:type\" content=\"article\" \/>\n<meta property=\"og:title\" content=\"RECOVERY - Recup\u00e9 Plus\" \/>\n<meta property=\"og:description\" content=\"Suplemento alimenticio en c\u00e1psulas a base de hongos: REISHI, CORDYCEPS y LION&#039;S MANE Proporciona recuperaci\u00f3n mental y muscular al organismo, reduce el estr\u00e9s, fatiga\u00a0y agotamiento f\u00edsico y mental, antiinflamatorio, brinda bienestar en general por su contenido en antioxidantes.\u00a0Sirve para la recuperaci\u00f3n despu\u00e9s de un duro entrenamiento o competencia, una enfermedad o intervenci\u00f3n quir\u00fargica.\" \/>\n<meta property=\"og:url\" content=\"https:\/\/recupeplus.com\/en\/product\/recovery\/\" \/>\n<meta property=\"og:site_name\" content=\"Recup\u00e9 Plus\" \/>\n<meta property=\"article:publisher\" content=\"https:\/\/www.facebook.com\/recupeplus\/\" \/>\n<meta property=\"article:modified_time\" content=\"2026-04-16T20:09:13+00:00\" \/>\n<meta property=\"og:image\" content=\"https:\/\/recupeplus.com\/wp-content\/uploads\/2024\/05\/Recovery-1.png\" \/>\n\t<meta property=\"og:image:width\" content=\"800\" \/>\n\t<meta property=\"og:image:height\" content=\"800\" \/>\n\t<meta property=\"og:image:type\" content=\"image\/png\" \/>\n<meta name=\"twitter:card\" content=\"summary_large_image\" \/>\n<meta name=\"twitter:label1\" content=\"Est. reading time\" \/>\n\t<meta name=\"twitter:data1\" content=\"3 minutes\" \/>\n<script type=\"application\/ld+json\" class=\"yoast-schema-graph\">{\"@context\":\"https:\\\/\\\/schema.org\",\"@graph\":[{\"@type\":\"WebPage\",\"@id\":\"https:\\\/\\\/recupeplus.com\\\/producto\\\/recovery\\\/\",\"url\":\"https:\\\/\\\/recupeplus.com\\\/producto\\\/recovery\\\/\",\"name\":\"RECOVERY - Recup\u00e9 Plus\",\"isPartOf\":{\"@id\":\"https:\\\/\\\/recupeplus.com\\\/#website\"},\"primaryImageOfPage\":{\"@id\":\"https:\\\/\\\/recupeplus.com\\\/producto\\\/recovery\\\/#primaryimage\"},\"image\":{\"@id\":\"https:\\\/\\\/recupeplus.com\\\/producto\\\/recovery\\\/#primaryimage\"},\"thumbnailUrl\":\"https:\\\/\\\/recupeplus.com\\\/wp-content\\\/uploads\\\/2024\\\/05\\\/Recovery-1.png\",\"datePublished\":\"2024-05-15T17:32:46+00:00\",\"dateModified\":\"2026-04-16T20:09:13+00:00\",\"breadcrumb\":{\"@id\":\"https:\\\/\\\/recupeplus.com\\\/producto\\\/recovery\\\/#breadcrumb\"},\"inLanguage\":\"en-US\",\"potentialAction\":[{\"@type\":\"ReadAction\",\"target\":[\"https:\\\/\\\/recupeplus.com\\\/producto\\\/recovery\\\/\"]}]},{\"@type\":\"ImageObject\",\"inLanguage\":\"en-US\",\"@id\":\"https:\\\/\\\/recupeplus.com\\\/producto\\\/recovery\\\/#primaryimage\",\"url\":\"https:\\\/\\\/recupeplus.com\\\/wp-content\\\/uploads\\\/2024\\\/05\\\/Recovery-1.png\",\"contentUrl\":\"https:\\\/\\\/recupeplus.com\\\/wp-content\\\/uploads\\\/2024\\\/05\\\/Recovery-1.png\",\"width\":800,\"height\":800},{\"@type\":\"BreadcrumbList\",\"@id\":\"https:\\\/\\\/recupeplus.com\\\/producto\\\/recovery\\\/#breadcrumb\",\"itemListElement\":[{\"@type\":\"ListItem\",\"position\":1,\"name\":\"Portada\",\"item\":\"https:\\\/\\\/recupeplus.com\\\/\"},{\"@type\":\"ListItem\",\"position\":2,\"name\":\"Tienda en l\u00ednea\",\"item\":\"https:\\\/\\\/recupeplus.com\\\/tienda-en-linea\\\/\"},{\"@type\":\"ListItem\",\"position\":3,\"name\":\"RECOVERY\"}]},{\"@type\":\"WebSite\",\"@id\":\"https:\\\/\\\/recupeplus.com\\\/#website\",\"url\":\"https:\\\/\\\/recupeplus.com\\\/\",\"name\":\"Recup\u00e9 Plus\",\"description\":\"Hongos Medicinales\",\"publisher\":{\"@id\":\"https:\\\/\\\/recupeplus.com\\\/#organization\"},\"potentialAction\":[{\"@type\":\"SearchAction\",\"target\":{\"@type\":\"EntryPoint\",\"urlTemplate\":\"https:\\\/\\\/recupeplus.com\\\/?s={search_term_string}\"},\"query-input\":{\"@type\":\"PropertyValueSpecification\",\"valueRequired\":true,\"valueName\":\"search_term_string\"}}],\"inLanguage\":\"en-US\"},{\"@type\":\"Organization\",\"@id\":\"https:\\\/\\\/recupeplus.com\\\/#organization\",\"name\":\"Recup\u00e9 Plus\",\"url\":\"https:\\\/\\\/recupeplus.com\\\/\",\"logo\":{\"@type\":\"ImageObject\",\"inLanguage\":\"en-US\",\"@id\":\"https:\\\/\\\/recupeplus.com\\\/#\\\/schema\\\/logo\\\/image\\\/\",\"url\":\"https:\\\/\\\/recupeplus.com\\\/wp-content\\\/uploads\\\/2024\\\/05\\\/Logo_RecupePlus.avif\",\"contentUrl\":\"https:\\\/\\\/recupeplus.com\\\/wp-content\\\/uploads\\\/2024\\\/05\\\/Logo_RecupePlus.avif\",\"width\":500,\"height\":170,\"caption\":\"Recup\u00e9 Plus\"},\"image\":{\"@id\":\"https:\\\/\\\/recupeplus.com\\\/#\\\/schema\\\/logo\\\/image\\\/\"},\"sameAs\":[\"https:\\\/\\\/www.facebook.com\\\/recupeplus\\\/\"]}]}<\/script>\n<!-- \/ Yoast SEO plugin. -->","yoast_head_json":{"title":"RECOVERY - Recup\u00e9 Plus","robots":{"index":"index","follow":"follow","max-snippet":"max-snippet:-1","max-image-preview":"max-image-preview:large","max-video-preview":"max-video-preview:-1"},"canonical":"https:\/\/recupeplus.com\/en\/product\/recovery\/","og_locale":"en_US","og_type":"article","og_title":"RECOVERY - Recup\u00e9 Plus","og_description":"Suplemento alimenticio en c\u00e1psulas a base de hongos: REISHI, CORDYCEPS y LION'S MANE Proporciona recuperaci\u00f3n mental y muscular al organismo, reduce el estr\u00e9s, fatiga\u00a0y agotamiento f\u00edsico y mental, antiinflamatorio, brinda bienestar en general por su contenido en antioxidantes.\u00a0Sirve para la recuperaci\u00f3n despu\u00e9s de un duro entrenamiento o competencia, una enfermedad o intervenci\u00f3n quir\u00fargica.","og_url":"https:\/\/recupeplus.com\/en\/product\/recovery\/","og_site_name":"Recup\u00e9 Plus","article_publisher":"https:\/\/www.facebook.com\/recupeplus\/","article_modified_time":"2026-04-16T20:09:13+00:00","og_image":[{"width":800,"height":800,"url":"https:\/\/recupeplus.com\/wp-content\/uploads\/2024\/05\/Recovery-1.png","type":"image\/png"}],"twitter_card":"summary_large_image","twitter_misc":{"Est. reading time":"3 minutes"},"schema":{"@context":"https:\/\/schema.org","@graph":[{"@type":"WebPage","@id":"https:\/\/recupeplus.com\/producto\/recovery\/","url":"https:\/\/recupeplus.com\/producto\/recovery\/","name":"RECOVERY - Recup\u00e9 Plus","isPartOf":{"@id":"https:\/\/recupeplus.com\/#website"},"primaryImageOfPage":{"@id":"https:\/\/recupeplus.com\/producto\/recovery\/#primaryimage"},"image":{"@id":"https:\/\/recupeplus.com\/producto\/recovery\/#primaryimage"},"thumbnailUrl":"https:\/\/recupeplus.com\/wp-content\/uploads\/2024\/05\/Recovery-1.png","datePublished":"2024-05-15T17:32:46+00:00","dateModified":"2026-04-16T20:09:13+00:00","breadcrumb":{"@id":"https:\/\/recupeplus.com\/producto\/recovery\/#breadcrumb"},"inLanguage":"en-US","potentialAction":[{"@type":"ReadAction","target":["https:\/\/recupeplus.com\/producto\/recovery\/"]}]},{"@type":"ImageObject","inLanguage":"en-US","@id":"https:\/\/recupeplus.com\/producto\/recovery\/#primaryimage","url":"https:\/\/recupeplus.com\/wp-content\/uploads\/2024\/05\/Recovery-1.png","contentUrl":"https:\/\/recupeplus.com\/wp-content\/uploads\/2024\/05\/Recovery-1.png","width":800,"height":800},{"@type":"BreadcrumbList","@id":"https:\/\/recupeplus.com\/producto\/recovery\/#breadcrumb","itemListElement":[{"@type":"ListItem","position":1,"name":"Portada","item":"https:\/\/recupeplus.com\/"},{"@type":"ListItem","position":2,"name":"Tienda en l\u00ednea","item":"https:\/\/recupeplus.com\/tienda-en-linea\/"},{"@type":"ListItem","position":3,"name":"RECOVERY"}]},{"@type":"WebSite","@id":"https:\/\/recupeplus.com\/#website","url":"https:\/\/recupeplus.com\/","name":"Recup\u00e9 Plus","description":"Medicinal Mushrooms","publisher":{"@id":"https:\/\/recupeplus.com\/#organization"},"potentialAction":[{"@type":"SearchAction","target":{"@type":"EntryPoint","urlTemplate":"https:\/\/recupeplus.com\/?s={search_term_string}"},"query-input":{"@type":"PropertyValueSpecification","valueRequired":true,"valueName":"search_term_string"}}],"inLanguage":"en-US"},{"@type":"Organization","@id":"https:\/\/recupeplus.com\/#organization","name":"Recup\u00e9 Plus","url":"https:\/\/recupeplus.com\/","logo":{"@type":"ImageObject","inLanguage":"en-US","@id":"https:\/\/recupeplus.com\/#\/schema\/logo\/image\/","url":"https:\/\/recupeplus.com\/wp-content\/uploads\/2024\/05\/Logo_RecupePlus.avif","contentUrl":"https:\/\/recupeplus.com\/wp-content\/uploads\/2024\/05\/Logo_RecupePlus.avif","width":500,"height":170,"caption":"Recup\u00e9 Plus"},"image":{"@id":"https:\/\/recupeplus.com\/#\/schema\/logo\/image\/"},"sameAs":["https:\/\/www.facebook.com\/recupeplus\/"]}]}},"_links":{"self":[{"href":"https:\/\/recupeplus.com\/en\/wp-json\/wp\/v2\/product\/15598","targetHints":{"allow":["GET"]}}],"collection":[{"href":"https:\/\/recupeplus.com\/en\/wp-json\/wp\/v2\/product"}],"about":[{"href":"https:\/\/recupeplus.com\/en\/wp-json\/wp\/v2\/types\/product"}],"replies":[{"embeddable":true,"href":"https:\/\/recupeplus.com\/en\/wp-json\/wp\/v2\/comments?post=15598"}],"version-history":[{"count":0,"href":"https:\/\/recupeplus.com\/en\/wp-json\/wp\/v2\/product\/15598\/revisions"}],"wp:featuredmedia":[{"embeddable":true,"href":"https:\/\/recupeplus.com\/en\/wp-json\/wp\/v2\/media\/17070"}],"wp:attachment":[{"href":"https:\/\/recupeplus.com\/en\/wp-json\/wp\/v2\/media?parent=15598"}],"wp:term":[{"taxonomy":"product_brand","embeddable":true,"href":"https:\/\/recupeplus.com\/en\/wp-json\/wp\/v2\/product_brand?post=15598"},{"taxonomy":"product_cat","embeddable":true,"href":"https:\/\/recupeplus.com\/en\/wp-json\/wp\/v2\/product_cat?post=15598"},{"taxonomy":"product_tag","embeddable":true,"href":"https:\/\/recupeplus.com\/en\/wp-json\/wp\/v2\/product_tag?post=15598"}],"curies":[{"name":"wp","href":"https:\/\/api.w.org\/{rel}","templated":true}]}}