{"id":15616,"date":"2024-05-15T19:43:18","date_gmt":"2024-05-15T17:43:18","guid":{"rendered":"https:\/\/desarrollo.clickdigitalcr.com\/recupeplus\/?post_type=product&#038;p=15616"},"modified":"2026-04-16T22:31:18","modified_gmt":"2026-04-16T20:31:18","slug":"activity","status":"publish","type":"product","link":"https:\/\/recupeplus.com\/en\/product\/activity\/","title":{"rendered":"ACTIVITY"},"content":{"rendered":"<div data-elementor-type=\"product-post\" data-elementor-id=\"15616\" class=\"elementor elementor-15616\" data-elementor-post-type=\"product\">\n\t\t\t\t<div class=\"wd-negative-gap elementor-element elementor-element-93cf107 e-flex e-con-boxed e-con e-parent\" data-id=\"93cf107\" data-element_type=\"container\" data-e-type=\"container\">\n\t\t\t\t\t<div class=\"e-con-inner\">\n\t\t\t\t<div class=\"elementor-element elementor-element-b08afda color-scheme-inherit text-left elementor-widget elementor-widget-text-editor\" data-id=\"b08afda\" data-element_type=\"widget\" data-e-type=\"widget\" data-widget_type=\"text-editor.default\">\n\t\t\t\t<div class=\"elementor-widget-container\">\n\t\t\t\t\t\t\t\t\t<h2 class=\"product_title entry-title wd-entities-title\">RECUP\u00c9 PLUS ACTIVITY<\/h2>\nOur capsule contains the 70% of <a href=\"https:\/\/recupeplus.com\/en\/cordyceps\/\">Cordyceps<\/a> (Cordyceps sinensis) and 30% of <a href=\"https:\/\/recupeplus.com\/en\/lions-mane\/\">Lion's mane<\/a> (Hericium erinaceus), offering synergistic benefits due to its various energizing and antioxidant properties.\n<ol>\n \t<li>\n<h3>Strengthening of the immune system:<\/h3>\nBoth Cordyceps and Lion's Mane have properties that strengthen the immune system, helping the body to fight disease and infection more effectively. This combination may offer additional protection to the immune system.<\/li>\n \t<li>\n<h3>Improved physical endurance:<\/h3>\nCordyceps is known to increase endurance and exercise capacity by improving oxygen utilization and optimizing energy production in the body. Lion's Mane also contributes to improved physical endurance and athletic performance, making this combination beneficial for those looking to improve their physical condition.<\/li>\n \t<li>\n<h3>Respiratory health support:<\/h3>\nCordyceps has been traditionally used to support respiratory health and improve lung function, which can be beneficial for people with respiratory conditions such as asthma. Lion's Mane also has positive effects on lung health and respiratory function.<\/li>\n \t<li>\n<h3>Antioxidant properties:<\/h3>\nBoth mushrooms contain antioxidant compounds that can help fight oxidative stress and protect cells from free radical damage, thus contributing to cellular health and healthy aging.<\/li>\n \t<li>\n<h3>Stress and anxiety regulation:<\/h3>\nAdaptogens such as Cordyceps and Lion's Mane have properties that reduce stress and anxiety levels, thus promoting better emotional and mental balance.<\/li>\n<\/ol>\t\t\t\t\t\t\t\t<\/div>\n\t\t\t\t<\/div>\n\t\t\t\t\t<\/div>\n\t\t\t\t<\/div>\n\t\t\t\t<\/div>","protected":false},"excerpt":{"rendered":"<p><strong>Food supplement in capsules based on mushrooms: CORDYCEPS and LION'S MANE.<\/strong><\/p>\n<p>Increases energy, physical performance, improves mood, boosts cognitive health, moderates circulation and blood sugar, decreases stress, fatigue and exhaustion, thanks to its antioxidant content. It makes high-intensity workouts and weight lifting easier, unlike traditional pre-workout supplements.<\/p>","protected":false},"featured_media":17073,"comment_status":"open","ping_status":"closed","template":"","meta":{"_joinchat":[]},"product_brand":[],"product_cat":[72],"product_tag":[],"class_list":{"0":"post-15616","1":"product","2":"type-product","3":"status-publish","4":"has-post-thumbnail","6":"product_cat-hongos-medicinales","8":"first","9":"instock","10":"taxable","11":"shipping-taxable","12":"purchasable","13":"product-type-simple"},"yoast_head":"<!-- This site is optimized with the Yoast SEO plugin v27.3 - https:\/\/yoast.com\/product\/yoast-seo-wordpress\/ -->\n<title>ACTIVITY - Recup\u00e9 Plus<\/title>\n<meta name=\"robots\" content=\"index, follow, max-snippet:-1, max-image-preview:large, max-video-preview:-1\" \/>\n<link rel=\"canonical\" href=\"https:\/\/recupeplus.com\/en\/product\/activity\/\" \/>\n<meta property=\"og:locale\" content=\"en_US\" \/>\n<meta property=\"og:type\" content=\"article\" \/>\n<meta property=\"og:title\" content=\"ACTIVITY - Recup\u00e9 Plus\" \/>\n<meta property=\"og:description\" content=\"Suplemento alimenticio en c\u00e1psulas a base de hongos: CORDYCEPS y LION&#039;S MANE.  Aumenta la energ\u00eda, el rendimiento f\u00edsico, mejora el estado de \u00e1nimo, refuerza la salud cognitiva, modera la circulaci\u00f3n y el az\u00facar en la sangre, disminuye el estr\u00e9s, la fatiga y el agotamiento, gracias a su contenido en antioxidantes.\u00a0Hace m\u00e1s f\u00e1cil los entrenamientos de alta intensidad y levantamiento de pesas, a diferencia de los suplementos tradicionales de pre entrenamiento.\" \/>\n<meta property=\"og:url\" content=\"https:\/\/recupeplus.com\/en\/product\/activity\/\" \/>\n<meta property=\"og:site_name\" content=\"Recup\u00e9 Plus\" \/>\n<meta property=\"article:publisher\" content=\"https:\/\/www.facebook.com\/recupeplus\/\" \/>\n<meta property=\"article:modified_time\" content=\"2026-04-16T20:31:18+00:00\" \/>\n<meta property=\"og:image\" content=\"https:\/\/recupeplus.com\/wp-content\/uploads\/2024\/05\/activity-1.png\" \/>\n\t<meta property=\"og:image:width\" content=\"800\" \/>\n\t<meta property=\"og:image:height\" content=\"800\" \/>\n\t<meta property=\"og:image:type\" content=\"image\/png\" \/>\n<meta name=\"twitter:card\" content=\"summary_large_image\" \/>\n<meta name=\"twitter:label1\" content=\"Est. reading time\" \/>\n\t<meta name=\"twitter:data1\" content=\"2 minutes\" \/>\n<script type=\"application\/ld+json\" class=\"yoast-schema-graph\">{\"@context\":\"https:\\\/\\\/schema.org\",\"@graph\":[{\"@type\":\"WebPage\",\"@id\":\"https:\\\/\\\/recupeplus.com\\\/producto\\\/activity\\\/\",\"url\":\"https:\\\/\\\/recupeplus.com\\\/producto\\\/activity\\\/\",\"name\":\"ACTIVITY - Recup\u00e9 Plus\",\"isPartOf\":{\"@id\":\"https:\\\/\\\/recupeplus.com\\\/#website\"},\"primaryImageOfPage\":{\"@id\":\"https:\\\/\\\/recupeplus.com\\\/producto\\\/activity\\\/#primaryimage\"},\"image\":{\"@id\":\"https:\\\/\\\/recupeplus.com\\\/producto\\\/activity\\\/#primaryimage\"},\"thumbnailUrl\":\"https:\\\/\\\/recupeplus.com\\\/wp-content\\\/uploads\\\/2024\\\/05\\\/activity-1.png\",\"datePublished\":\"2024-05-15T17:43:18+00:00\",\"dateModified\":\"2026-04-16T20:31:18+00:00\",\"breadcrumb\":{\"@id\":\"https:\\\/\\\/recupeplus.com\\\/producto\\\/activity\\\/#breadcrumb\"},\"inLanguage\":\"en-US\",\"potentialAction\":[{\"@type\":\"ReadAction\",\"target\":[\"https:\\\/\\\/recupeplus.com\\\/producto\\\/activity\\\/\"]}]},{\"@type\":\"ImageObject\",\"inLanguage\":\"en-US\",\"@id\":\"https:\\\/\\\/recupeplus.com\\\/producto\\\/activity\\\/#primaryimage\",\"url\":\"https:\\\/\\\/recupeplus.com\\\/wp-content\\\/uploads\\\/2024\\\/05\\\/activity-1.png\",\"contentUrl\":\"https:\\\/\\\/recupeplus.com\\\/wp-content\\\/uploads\\\/2024\\\/05\\\/activity-1.png\",\"width\":800,\"height\":800},{\"@type\":\"BreadcrumbList\",\"@id\":\"https:\\\/\\\/recupeplus.com\\\/producto\\\/activity\\\/#breadcrumb\",\"itemListElement\":[{\"@type\":\"ListItem\",\"position\":1,\"name\":\"Portada\",\"item\":\"https:\\\/\\\/recupeplus.com\\\/\"},{\"@type\":\"ListItem\",\"position\":2,\"name\":\"Tienda en l\u00ednea\",\"item\":\"https:\\\/\\\/recupeplus.com\\\/tienda-en-linea\\\/\"},{\"@type\":\"ListItem\",\"position\":3,\"name\":\"ACTIVITY\"}]},{\"@type\":\"WebSite\",\"@id\":\"https:\\\/\\\/recupeplus.com\\\/#website\",\"url\":\"https:\\\/\\\/recupeplus.com\\\/\",\"name\":\"Recup\u00e9 Plus\",\"description\":\"Hongos Medicinales\",\"publisher\":{\"@id\":\"https:\\\/\\\/recupeplus.com\\\/#organization\"},\"potentialAction\":[{\"@type\":\"SearchAction\",\"target\":{\"@type\":\"EntryPoint\",\"urlTemplate\":\"https:\\\/\\\/recupeplus.com\\\/?s={search_term_string}\"},\"query-input\":{\"@type\":\"PropertyValueSpecification\",\"valueRequired\":true,\"valueName\":\"search_term_string\"}}],\"inLanguage\":\"en-US\"},{\"@type\":\"Organization\",\"@id\":\"https:\\\/\\\/recupeplus.com\\\/#organization\",\"name\":\"Recup\u00e9 Plus\",\"url\":\"https:\\\/\\\/recupeplus.com\\\/\",\"logo\":{\"@type\":\"ImageObject\",\"inLanguage\":\"en-US\",\"@id\":\"https:\\\/\\\/recupeplus.com\\\/#\\\/schema\\\/logo\\\/image\\\/\",\"url\":\"https:\\\/\\\/recupeplus.com\\\/wp-content\\\/uploads\\\/2024\\\/05\\\/Logo_RecupePlus.avif\",\"contentUrl\":\"https:\\\/\\\/recupeplus.com\\\/wp-content\\\/uploads\\\/2024\\\/05\\\/Logo_RecupePlus.avif\",\"width\":500,\"height\":170,\"caption\":\"Recup\u00e9 Plus\"},\"image\":{\"@id\":\"https:\\\/\\\/recupeplus.com\\\/#\\\/schema\\\/logo\\\/image\\\/\"},\"sameAs\":[\"https:\\\/\\\/www.facebook.com\\\/recupeplus\\\/\"]}]}<\/script>\n<!-- \/ Yoast SEO plugin. -->","yoast_head_json":{"title":"ACTIVITY - Recup\u00e9 Plus","robots":{"index":"index","follow":"follow","max-snippet":"max-snippet:-1","max-image-preview":"max-image-preview:large","max-video-preview":"max-video-preview:-1"},"canonical":"https:\/\/recupeplus.com\/en\/product\/activity\/","og_locale":"en_US","og_type":"article","og_title":"ACTIVITY - Recup\u00e9 Plus","og_description":"Suplemento alimenticio en c\u00e1psulas a base de hongos: CORDYCEPS y LION'S MANE.  Aumenta la energ\u00eda, el rendimiento f\u00edsico, mejora el estado de \u00e1nimo, refuerza la salud cognitiva, modera la circulaci\u00f3n y el az\u00facar en la sangre, disminuye el estr\u00e9s, la fatiga y el agotamiento, gracias a su contenido en antioxidantes.\u00a0Hace m\u00e1s f\u00e1cil los entrenamientos de alta intensidad y levantamiento de pesas, a diferencia de los suplementos tradicionales de pre entrenamiento.","og_url":"https:\/\/recupeplus.com\/en\/product\/activity\/","og_site_name":"Recup\u00e9 Plus","article_publisher":"https:\/\/www.facebook.com\/recupeplus\/","article_modified_time":"2026-04-16T20:31:18+00:00","og_image":[{"width":800,"height":800,"url":"https:\/\/recupeplus.com\/wp-content\/uploads\/2024\/05\/activity-1.png","type":"image\/png"}],"twitter_card":"summary_large_image","twitter_misc":{"Est. reading time":"2 minutes"},"schema":{"@context":"https:\/\/schema.org","@graph":[{"@type":"WebPage","@id":"https:\/\/recupeplus.com\/producto\/activity\/","url":"https:\/\/recupeplus.com\/producto\/activity\/","name":"ACTIVITY - Recup\u00e9 Plus","isPartOf":{"@id":"https:\/\/recupeplus.com\/#website"},"primaryImageOfPage":{"@id":"https:\/\/recupeplus.com\/producto\/activity\/#primaryimage"},"image":{"@id":"https:\/\/recupeplus.com\/producto\/activity\/#primaryimage"},"thumbnailUrl":"https:\/\/recupeplus.com\/wp-content\/uploads\/2024\/05\/activity-1.png","datePublished":"2024-05-15T17:43:18+00:00","dateModified":"2026-04-16T20:31:18+00:00","breadcrumb":{"@id":"https:\/\/recupeplus.com\/producto\/activity\/#breadcrumb"},"inLanguage":"en-US","potentialAction":[{"@type":"ReadAction","target":["https:\/\/recupeplus.com\/producto\/activity\/"]}]},{"@type":"ImageObject","inLanguage":"en-US","@id":"https:\/\/recupeplus.com\/producto\/activity\/#primaryimage","url":"https:\/\/recupeplus.com\/wp-content\/uploads\/2024\/05\/activity-1.png","contentUrl":"https:\/\/recupeplus.com\/wp-content\/uploads\/2024\/05\/activity-1.png","width":800,"height":800},{"@type":"BreadcrumbList","@id":"https:\/\/recupeplus.com\/producto\/activity\/#breadcrumb","itemListElement":[{"@type":"ListItem","position":1,"name":"Portada","item":"https:\/\/recupeplus.com\/"},{"@type":"ListItem","position":2,"name":"Tienda en l\u00ednea","item":"https:\/\/recupeplus.com\/tienda-en-linea\/"},{"@type":"ListItem","position":3,"name":"ACTIVITY"}]},{"@type":"WebSite","@id":"https:\/\/recupeplus.com\/#website","url":"https:\/\/recupeplus.com\/","name":"Recup\u00e9 Plus","description":"Medicinal Mushrooms","publisher":{"@id":"https:\/\/recupeplus.com\/#organization"},"potentialAction":[{"@type":"SearchAction","target":{"@type":"EntryPoint","urlTemplate":"https:\/\/recupeplus.com\/?s={search_term_string}"},"query-input":{"@type":"PropertyValueSpecification","valueRequired":true,"valueName":"search_term_string"}}],"inLanguage":"en-US"},{"@type":"Organization","@id":"https:\/\/recupeplus.com\/#organization","name":"Recup\u00e9 Plus","url":"https:\/\/recupeplus.com\/","logo":{"@type":"ImageObject","inLanguage":"en-US","@id":"https:\/\/recupeplus.com\/#\/schema\/logo\/image\/","url":"https:\/\/recupeplus.com\/wp-content\/uploads\/2024\/05\/Logo_RecupePlus.avif","contentUrl":"https:\/\/recupeplus.com\/wp-content\/uploads\/2024\/05\/Logo_RecupePlus.avif","width":500,"height":170,"caption":"Recup\u00e9 Plus"},"image":{"@id":"https:\/\/recupeplus.com\/#\/schema\/logo\/image\/"},"sameAs":["https:\/\/www.facebook.com\/recupeplus\/"]}]}},"_links":{"self":[{"href":"https:\/\/recupeplus.com\/en\/wp-json\/wp\/v2\/product\/15616","targetHints":{"allow":["GET"]}}],"collection":[{"href":"https:\/\/recupeplus.com\/en\/wp-json\/wp\/v2\/product"}],"about":[{"href":"https:\/\/recupeplus.com\/en\/wp-json\/wp\/v2\/types\/product"}],"replies":[{"embeddable":true,"href":"https:\/\/recupeplus.com\/en\/wp-json\/wp\/v2\/comments?post=15616"}],"version-history":[{"count":0,"href":"https:\/\/recupeplus.com\/en\/wp-json\/wp\/v2\/product\/15616\/revisions"}],"wp:featuredmedia":[{"embeddable":true,"href":"https:\/\/recupeplus.com\/en\/wp-json\/wp\/v2\/media\/17073"}],"wp:attachment":[{"href":"https:\/\/recupeplus.com\/en\/wp-json\/wp\/v2\/media?parent=15616"}],"wp:term":[{"taxonomy":"product_brand","embeddable":true,"href":"https:\/\/recupeplus.com\/en\/wp-json\/wp\/v2\/product_brand?post=15616"},{"taxonomy":"product_cat","embeddable":true,"href":"https:\/\/recupeplus.com\/en\/wp-json\/wp\/v2\/product_cat?post=15616"},{"taxonomy":"product_tag","embeddable":true,"href":"https:\/\/recupeplus.com\/en\/wp-json\/wp\/v2\/product_tag?post=15616"}],"curies":[{"name":"wp","href":"https:\/\/api.w.org\/{rel}","templated":true}]}}