{"id":15642,"date":"2024-05-15T19:48:51","date_gmt":"2024-05-15T17:48:51","guid":{"rendered":"https:\/\/desarrollo.clickdigitalcr.com\/recupeplus\/?post_type=product&#038;p=15642"},"modified":"2026-04-16T22:36:49","modified_gmt":"2026-04-16T20:36:49","slug":"are-more","status":"publish","type":"product","link":"https:\/\/recupeplus.com\/en\/product\/are-more\/","title":{"rendered":"ARE MORE"},"content":{"rendered":"<div data-elementor-type=\"product-post\" data-elementor-id=\"15642\" class=\"elementor elementor-15642\" data-elementor-post-type=\"product\">\n\t\t\t\t<div class=\"wd-negative-gap elementor-element elementor-element-7ffe671 e-flex e-con-boxed e-con e-parent\" data-id=\"7ffe671\" data-element_type=\"container\" data-e-type=\"container\">\n\t\t\t\t\t<div class=\"e-con-inner\">\n\t\t\t\t<div class=\"elementor-element elementor-element-439eb55 color-scheme-inherit text-left elementor-widget elementor-widget-text-editor\" data-id=\"439eb55\" data-element_type=\"widget\" data-e-type=\"widget\" data-widget_type=\"text-editor.default\">\n\t\t\t\t<div class=\"elementor-widget-container\">\n\t\t\t\t\t\t\t\t\t<h2 class=\"product_title entry-title wd-entities-title\">RECUP\u00c9 PLUS ARE MORE<\/h2><p>Our adaptogenic blackberry and mushroom pectin gummies are rich in antioxidants such as anthocyanins (in the blackberry) or bioflavonoids (in the mushrooms), which help fight oxidative stress and protect cells from damage. Furthermore, by combining these ingredients in a gummy, we have a product that is not only delicious, but also beneficial to health in terms of digestion, antioxidants, immune support and possibly improvements in cognitive and physical function.<\/p><p>The health benefits of a blackberry gummy with turkey tail, lion's mane and cordyceps:<\/p><ol><li><h3>Digestion:<\/h3><p>Mushrooms such as turkey tail and lion's mane contain compounds that may support gastrointestinal health by having prebiotic and anti-inflammatory properties.<\/p><\/li><li><h3>Antioxidant:<\/h3><p>Adaptogenic mushrooms have antioxidant properties that contribute to overall cellular health and healthy aging.<\/p><\/li><li><h3>Immune support:<\/h3><p>Mushrooms such as turkey tail, lion's mane and cordyceps have been associated with immune system benefits by acting as immunomodulators and helping to strengthen the body's defenses against disease.<\/p><\/li><li><h3>Improvements in cognitive and physical function:<\/h3><ul><li>Turkey tail is a powerful antioxidant; its bioflavonoids are recognized for their ability to trap free radicals.<\/li><li>Lion's Mane has been studied for its brain health benefits, such as improving cognitive function, memory and mood.<\/li><li>Cordyceps is associated with improvements in physical endurance, lung function and post-exercise recovery capacity, which may contribute to an improvement in overall physical function.<\/li><\/ul><\/li><\/ol><p>By combining these ingredients in a gummy, a product could be obtained that provides a variety of health benefits, from digestion to immune support and possible improvements in cognitive and physical function.<\/p>\t\t\t\t\t\t\t\t<\/div>\n\t\t\t\t<\/div>\n\t\t\t\t\t<\/div>\n\t\t\t\t<\/div>\n\t\t\t\t<\/div>","protected":false},"excerpt":{"rendered":"<p><strong>Food supplement in gummies based on mushrooms: TURKEY TAIL, LION'S MANE and CORDYCEPS.<\/strong><\/p>\n<p>It strengthens the immune system, acts as an anti-inflammatory, antibacterial, antiviral, anti-allergic, anticancer, antitumor, gastroprotective and natural hepatoprocteror, due to its antioxidant content. This formula is also reinforced with Vitamin C, another known immunity supporter.<\/p>","protected":false},"featured_media":17076,"comment_status":"open","ping_status":"closed","template":"","meta":{"_joinchat":[]},"product_brand":[],"product_cat":[72],"product_tag":[],"class_list":{"0":"post-15642","1":"product","2":"type-product","3":"status-publish","4":"has-post-thumbnail","6":"product_cat-hongos-medicinales","8":"first","9":"instock","10":"taxable","11":"shipping-taxable","12":"purchasable","13":"product-type-simple"},"yoast_head":"<!-- This site is optimized with the Yoast SEO plugin v27.3 - https:\/\/yoast.com\/product\/yoast-seo-wordpress\/ -->\n<title>ARE MORE - Recup\u00e9 Plus<\/title>\n<meta name=\"robots\" content=\"index, follow, max-snippet:-1, max-image-preview:large, max-video-preview:-1\" \/>\n<link rel=\"canonical\" href=\"https:\/\/recupeplus.com\/en\/product\/are-more\/\" \/>\n<meta property=\"og:locale\" content=\"en_US\" \/>\n<meta property=\"og:type\" content=\"article\" \/>\n<meta property=\"og:title\" content=\"ARE MORE - Recup\u00e9 Plus\" \/>\n<meta property=\"og:description\" content=\"Suplemento alimenticio en gomitas a base de hongos: TURKEY TAIL, LION&#039;S MANE y CORDYCEPS.  Refuerza el sistema inmunol\u00f3gico, act\u00faa como antiinflamatorio, antibacteriano, antiviral, antial\u00e9rgico, anticancer\u00edgeno, antitumoral, gastroprotector y hepatoprocteror natural, por su contenido de antioxidantes. Esta f\u00f3rmula adem\u00e1s, viene reforzada con Vitamina C, otro conocido que apoya la inmunidad corporal.\" \/>\n<meta property=\"og:url\" content=\"https:\/\/recupeplus.com\/en\/product\/are-more\/\" \/>\n<meta property=\"og:site_name\" content=\"Recup\u00e9 Plus\" \/>\n<meta property=\"article:publisher\" content=\"https:\/\/www.facebook.com\/recupeplus\/\" \/>\n<meta property=\"article:modified_time\" content=\"2026-04-16T20:36:49+00:00\" \/>\n<meta property=\"og:image\" content=\"https:\/\/recupeplus.com\/wp-content\/uploads\/2024\/05\/are-more-2.png\" \/>\n\t<meta property=\"og:image:width\" content=\"800\" \/>\n\t<meta property=\"og:image:height\" content=\"800\" \/>\n\t<meta property=\"og:image:type\" content=\"image\/png\" \/>\n<meta name=\"twitter:card\" content=\"summary_large_image\" \/>\n<meta name=\"twitter:label1\" content=\"Est. reading time\" \/>\n\t<meta name=\"twitter:data1\" content=\"2 minutes\" \/>\n<script type=\"application\/ld+json\" class=\"yoast-schema-graph\">{\"@context\":\"https:\\\/\\\/schema.org\",\"@graph\":[{\"@type\":\"WebPage\",\"@id\":\"https:\\\/\\\/recupeplus.com\\\/producto\\\/are-more\\\/\",\"url\":\"https:\\\/\\\/recupeplus.com\\\/producto\\\/are-more\\\/\",\"name\":\"ARE MORE - Recup\u00e9 Plus\",\"isPartOf\":{\"@id\":\"https:\\\/\\\/recupeplus.com\\\/#website\"},\"primaryImageOfPage\":{\"@id\":\"https:\\\/\\\/recupeplus.com\\\/producto\\\/are-more\\\/#primaryimage\"},\"image\":{\"@id\":\"https:\\\/\\\/recupeplus.com\\\/producto\\\/are-more\\\/#primaryimage\"},\"thumbnailUrl\":\"https:\\\/\\\/recupeplus.com\\\/wp-content\\\/uploads\\\/2024\\\/05\\\/are-more-2.png\",\"datePublished\":\"2024-05-15T17:48:51+00:00\",\"dateModified\":\"2026-04-16T20:36:49+00:00\",\"breadcrumb\":{\"@id\":\"https:\\\/\\\/recupeplus.com\\\/producto\\\/are-more\\\/#breadcrumb\"},\"inLanguage\":\"en-US\",\"potentialAction\":[{\"@type\":\"ReadAction\",\"target\":[\"https:\\\/\\\/recupeplus.com\\\/producto\\\/are-more\\\/\"]}]},{\"@type\":\"ImageObject\",\"inLanguage\":\"en-US\",\"@id\":\"https:\\\/\\\/recupeplus.com\\\/producto\\\/are-more\\\/#primaryimage\",\"url\":\"https:\\\/\\\/recupeplus.com\\\/wp-content\\\/uploads\\\/2024\\\/05\\\/are-more-2.png\",\"contentUrl\":\"https:\\\/\\\/recupeplus.com\\\/wp-content\\\/uploads\\\/2024\\\/05\\\/are-more-2.png\",\"width\":800,\"height\":800},{\"@type\":\"BreadcrumbList\",\"@id\":\"https:\\\/\\\/recupeplus.com\\\/producto\\\/are-more\\\/#breadcrumb\",\"itemListElement\":[{\"@type\":\"ListItem\",\"position\":1,\"name\":\"Portada\",\"item\":\"https:\\\/\\\/recupeplus.com\\\/\"},{\"@type\":\"ListItem\",\"position\":2,\"name\":\"Tienda en l\u00ednea\",\"item\":\"https:\\\/\\\/recupeplus.com\\\/tienda-en-linea\\\/\"},{\"@type\":\"ListItem\",\"position\":3,\"name\":\"ARE MORE\"}]},{\"@type\":\"WebSite\",\"@id\":\"https:\\\/\\\/recupeplus.com\\\/#website\",\"url\":\"https:\\\/\\\/recupeplus.com\\\/\",\"name\":\"Recup\u00e9 Plus\",\"description\":\"Hongos Medicinales\",\"publisher\":{\"@id\":\"https:\\\/\\\/recupeplus.com\\\/#organization\"},\"potentialAction\":[{\"@type\":\"SearchAction\",\"target\":{\"@type\":\"EntryPoint\",\"urlTemplate\":\"https:\\\/\\\/recupeplus.com\\\/?s={search_term_string}\"},\"query-input\":{\"@type\":\"PropertyValueSpecification\",\"valueRequired\":true,\"valueName\":\"search_term_string\"}}],\"inLanguage\":\"en-US\"},{\"@type\":\"Organization\",\"@id\":\"https:\\\/\\\/recupeplus.com\\\/#organization\",\"name\":\"Recup\u00e9 Plus\",\"url\":\"https:\\\/\\\/recupeplus.com\\\/\",\"logo\":{\"@type\":\"ImageObject\",\"inLanguage\":\"en-US\",\"@id\":\"https:\\\/\\\/recupeplus.com\\\/#\\\/schema\\\/logo\\\/image\\\/\",\"url\":\"https:\\\/\\\/recupeplus.com\\\/wp-content\\\/uploads\\\/2024\\\/05\\\/Logo_RecupePlus.avif\",\"contentUrl\":\"https:\\\/\\\/recupeplus.com\\\/wp-content\\\/uploads\\\/2024\\\/05\\\/Logo_RecupePlus.avif\",\"width\":500,\"height\":170,\"caption\":\"Recup\u00e9 Plus\"},\"image\":{\"@id\":\"https:\\\/\\\/recupeplus.com\\\/#\\\/schema\\\/logo\\\/image\\\/\"},\"sameAs\":[\"https:\\\/\\\/www.facebook.com\\\/recupeplus\\\/\"]}]}<\/script>\n<!-- \/ Yoast SEO plugin. -->","yoast_head_json":{"title":"ARE MORE - Recup\u00e9 Plus","robots":{"index":"index","follow":"follow","max-snippet":"max-snippet:-1","max-image-preview":"max-image-preview:large","max-video-preview":"max-video-preview:-1"},"canonical":"https:\/\/recupeplus.com\/en\/product\/are-more\/","og_locale":"en_US","og_type":"article","og_title":"ARE MORE - Recup\u00e9 Plus","og_description":"Suplemento alimenticio en gomitas a base de hongos: TURKEY TAIL, LION'S MANE y CORDYCEPS.  Refuerza el sistema inmunol\u00f3gico, act\u00faa como antiinflamatorio, antibacteriano, antiviral, antial\u00e9rgico, anticancer\u00edgeno, antitumoral, gastroprotector y hepatoprocteror natural, por su contenido de antioxidantes. Esta f\u00f3rmula adem\u00e1s, viene reforzada con Vitamina C, otro conocido que apoya la inmunidad corporal.","og_url":"https:\/\/recupeplus.com\/en\/product\/are-more\/","og_site_name":"Recup\u00e9 Plus","article_publisher":"https:\/\/www.facebook.com\/recupeplus\/","article_modified_time":"2026-04-16T20:36:49+00:00","og_image":[{"width":800,"height":800,"url":"https:\/\/recupeplus.com\/wp-content\/uploads\/2024\/05\/are-more-2.png","type":"image\/png"}],"twitter_card":"summary_large_image","twitter_misc":{"Est. reading time":"2 minutes"},"schema":{"@context":"https:\/\/schema.org","@graph":[{"@type":"WebPage","@id":"https:\/\/recupeplus.com\/producto\/are-more\/","url":"https:\/\/recupeplus.com\/producto\/are-more\/","name":"ARE MORE - Recup\u00e9 Plus","isPartOf":{"@id":"https:\/\/recupeplus.com\/#website"},"primaryImageOfPage":{"@id":"https:\/\/recupeplus.com\/producto\/are-more\/#primaryimage"},"image":{"@id":"https:\/\/recupeplus.com\/producto\/are-more\/#primaryimage"},"thumbnailUrl":"https:\/\/recupeplus.com\/wp-content\/uploads\/2024\/05\/are-more-2.png","datePublished":"2024-05-15T17:48:51+00:00","dateModified":"2026-04-16T20:36:49+00:00","breadcrumb":{"@id":"https:\/\/recupeplus.com\/producto\/are-more\/#breadcrumb"},"inLanguage":"en-US","potentialAction":[{"@type":"ReadAction","target":["https:\/\/recupeplus.com\/producto\/are-more\/"]}]},{"@type":"ImageObject","inLanguage":"en-US","@id":"https:\/\/recupeplus.com\/producto\/are-more\/#primaryimage","url":"https:\/\/recupeplus.com\/wp-content\/uploads\/2024\/05\/are-more-2.png","contentUrl":"https:\/\/recupeplus.com\/wp-content\/uploads\/2024\/05\/are-more-2.png","width":800,"height":800},{"@type":"BreadcrumbList","@id":"https:\/\/recupeplus.com\/producto\/are-more\/#breadcrumb","itemListElement":[{"@type":"ListItem","position":1,"name":"Portada","item":"https:\/\/recupeplus.com\/"},{"@type":"ListItem","position":2,"name":"Tienda en l\u00ednea","item":"https:\/\/recupeplus.com\/tienda-en-linea\/"},{"@type":"ListItem","position":3,"name":"ARE MORE"}]},{"@type":"WebSite","@id":"https:\/\/recupeplus.com\/#website","url":"https:\/\/recupeplus.com\/","name":"Recup\u00e9 Plus","description":"Medicinal Mushrooms","publisher":{"@id":"https:\/\/recupeplus.com\/#organization"},"potentialAction":[{"@type":"SearchAction","target":{"@type":"EntryPoint","urlTemplate":"https:\/\/recupeplus.com\/?s={search_term_string}"},"query-input":{"@type":"PropertyValueSpecification","valueRequired":true,"valueName":"search_term_string"}}],"inLanguage":"en-US"},{"@type":"Organization","@id":"https:\/\/recupeplus.com\/#organization","name":"Recup\u00e9 Plus","url":"https:\/\/recupeplus.com\/","logo":{"@type":"ImageObject","inLanguage":"en-US","@id":"https:\/\/recupeplus.com\/#\/schema\/logo\/image\/","url":"https:\/\/recupeplus.com\/wp-content\/uploads\/2024\/05\/Logo_RecupePlus.avif","contentUrl":"https:\/\/recupeplus.com\/wp-content\/uploads\/2024\/05\/Logo_RecupePlus.avif","width":500,"height":170,"caption":"Recup\u00e9 Plus"},"image":{"@id":"https:\/\/recupeplus.com\/#\/schema\/logo\/image\/"},"sameAs":["https:\/\/www.facebook.com\/recupeplus\/"]}]}},"_links":{"self":[{"href":"https:\/\/recupeplus.com\/en\/wp-json\/wp\/v2\/product\/15642","targetHints":{"allow":["GET"]}}],"collection":[{"href":"https:\/\/recupeplus.com\/en\/wp-json\/wp\/v2\/product"}],"about":[{"href":"https:\/\/recupeplus.com\/en\/wp-json\/wp\/v2\/types\/product"}],"replies":[{"embeddable":true,"href":"https:\/\/recupeplus.com\/en\/wp-json\/wp\/v2\/comments?post=15642"}],"version-history":[{"count":0,"href":"https:\/\/recupeplus.com\/en\/wp-json\/wp\/v2\/product\/15642\/revisions"}],"wp:featuredmedia":[{"embeddable":true,"href":"https:\/\/recupeplus.com\/en\/wp-json\/wp\/v2\/media\/17076"}],"wp:attachment":[{"href":"https:\/\/recupeplus.com\/en\/wp-json\/wp\/v2\/media?parent=15642"}],"wp:term":[{"taxonomy":"product_brand","embeddable":true,"href":"https:\/\/recupeplus.com\/en\/wp-json\/wp\/v2\/product_brand?post=15642"},{"taxonomy":"product_cat","embeddable":true,"href":"https:\/\/recupeplus.com\/en\/wp-json\/wp\/v2\/product_cat?post=15642"},{"taxonomy":"product_tag","embeddable":true,"href":"https:\/\/recupeplus.com\/en\/wp-json\/wp\/v2\/product_tag?post=15642"}],"curies":[{"name":"wp","href":"https:\/\/api.w.org\/{rel}","templated":true}]}}