{"id":15648,"date":"2024-05-15T19:55:51","date_gmt":"2024-05-15T17:55:51","guid":{"rendered":"https:\/\/desarrollo.clickdigitalcr.com\/recupeplus\/?post_type=product&#038;p=15648"},"modified":"2026-04-16T19:20:20","modified_gmt":"2026-04-16T17:20:20","slug":"c-magnific","status":"publish","type":"product","link":"https:\/\/recupeplus.com\/en\/product\/c-magnific\/","title":{"rendered":"C-MAGNIFIC"},"content":{"rendered":"","protected":false},"excerpt":{"rendered":"<p class=\"p1\">This dietary supplement combining magnesium citrate and vitamin C offers a number of health benefits. Magnesium citrate is a highly absorbable form of magnesium, which is crucial for more than 300 processes in the body, including muscle, nerve and cardiovascular function. Vitamin C, meanwhile, is an antioxidant that strengthens the immune system, improves iron absorption, promotes collagen production for skin and bone health, and aids in the reduction of oxidative stress. Together, magnesium citrate and vitamin C can improve overall health, support muscle and nerve function, strengthen the immune system, and promote healthy skin and cardiovascular health.<\/p>","protected":false},"featured_media":17061,"comment_status":"open","ping_status":"closed","template":"","meta":{"_joinchat":[]},"product_brand":[],"product_cat":[71],"product_tag":[],"class_list":{"0":"post-15648","1":"product","2":"type-product","3":"status-publish","4":"has-post-thumbnail","6":"product_cat-gomitas-funcionales","8":"first","9":"instock","10":"taxable","11":"shipping-taxable","12":"purchasable","13":"product-type-simple"},"yoast_head":"<!-- This site is optimized with the Yoast SEO plugin v27.3 - https:\/\/yoast.com\/product\/yoast-seo-wordpress\/ -->\n<title>C-MAGNIFIC - Recup\u00e9 Plus<\/title>\n<meta name=\"robots\" content=\"index, follow, max-snippet:-1, max-image-preview:large, max-video-preview:-1\" \/>\n<link rel=\"canonical\" href=\"https:\/\/recupeplus.com\/en\/product\/c-magnific\/\" \/>\n<meta property=\"og:locale\" content=\"en_US\" \/>\n<meta property=\"og:type\" content=\"article\" \/>\n<meta property=\"og:title\" content=\"C-MAGNIFIC - Recup\u00e9 Plus\" \/>\n<meta property=\"og:description\" content=\"Este suplemento alimenticio que combina citrato de magnesio y vitamina C ofrece una serie de beneficios para la salud. El citrato de magnesio es una forma altamente absorbible de magnesio, que es crucial para m\u00e1s de 300 procesos en el cuerpo, incluyendo la funci\u00f3n muscular, nerviosa y cardiovascular. La vitamina C, por su parte, es un antioxidante que fortalece el sistema inmunol\u00f3gico, mejora la absorci\u00f3n de hierro, promueve la producci\u00f3n de col\u00e1geno para la salud de la piel y los huesos, y ayuda en la reducci\u00f3n del estr\u00e9s oxidativo. Juntos, el citrato de magnesio y la vitamina C pueden mejorar la salud general, apoyar la funci\u00f3n muscular y nerviosa, fortalecer el sistema inmunol\u00f3gico y promover una piel sana y una buena salud cardiovascular.\" \/>\n<meta property=\"og:url\" content=\"https:\/\/recupeplus.com\/en\/product\/c-magnific\/\" \/>\n<meta property=\"og:site_name\" content=\"Recup\u00e9 Plus\" \/>\n<meta property=\"article:publisher\" content=\"https:\/\/www.facebook.com\/recupeplus\/\" \/>\n<meta property=\"article:modified_time\" content=\"2026-04-16T17:20:20+00:00\" \/>\n<meta property=\"og:image\" content=\"https:\/\/recupeplus.com\/wp-content\/uploads\/2024\/05\/TIENDA-RECUPE-800-X800-PX.png\" \/>\n\t<meta property=\"og:image:width\" content=\"800\" \/>\n\t<meta property=\"og:image:height\" content=\"800\" \/>\n\t<meta property=\"og:image:type\" content=\"image\/png\" \/>\n<meta name=\"twitter:card\" content=\"summary_large_image\" \/>\n<meta name=\"twitter:label1\" content=\"Est. reading time\" \/>\n\t<meta name=\"twitter:data1\" content=\"1 minute\" \/>\n<script type=\"application\/ld+json\" class=\"yoast-schema-graph\">{\"@context\":\"https:\\\/\\\/schema.org\",\"@graph\":[{\"@type\":\"WebPage\",\"@id\":\"https:\\\/\\\/recupeplus.com\\\/producto\\\/c-magnific\\\/\",\"url\":\"https:\\\/\\\/recupeplus.com\\\/producto\\\/c-magnific\\\/\",\"name\":\"C-MAGNIFIC - Recup\u00e9 Plus\",\"isPartOf\":{\"@id\":\"https:\\\/\\\/recupeplus.com\\\/#website\"},\"primaryImageOfPage\":{\"@id\":\"https:\\\/\\\/recupeplus.com\\\/producto\\\/c-magnific\\\/#primaryimage\"},\"image\":{\"@id\":\"https:\\\/\\\/recupeplus.com\\\/producto\\\/c-magnific\\\/#primaryimage\"},\"thumbnailUrl\":\"https:\\\/\\\/recupeplus.com\\\/wp-content\\\/uploads\\\/2024\\\/05\\\/TIENDA-RECUPE-800-X800-PX.png\",\"datePublished\":\"2024-05-15T17:55:51+00:00\",\"dateModified\":\"2026-04-16T17:20:20+00:00\",\"breadcrumb\":{\"@id\":\"https:\\\/\\\/recupeplus.com\\\/producto\\\/c-magnific\\\/#breadcrumb\"},\"inLanguage\":\"en-US\",\"potentialAction\":[{\"@type\":\"ReadAction\",\"target\":[\"https:\\\/\\\/recupeplus.com\\\/producto\\\/c-magnific\\\/\"]}]},{\"@type\":\"ImageObject\",\"inLanguage\":\"en-US\",\"@id\":\"https:\\\/\\\/recupeplus.com\\\/producto\\\/c-magnific\\\/#primaryimage\",\"url\":\"https:\\\/\\\/recupeplus.com\\\/wp-content\\\/uploads\\\/2024\\\/05\\\/TIENDA-RECUPE-800-X800-PX.png\",\"contentUrl\":\"https:\\\/\\\/recupeplus.com\\\/wp-content\\\/uploads\\\/2024\\\/05\\\/TIENDA-RECUPE-800-X800-PX.png\",\"width\":800,\"height\":800},{\"@type\":\"BreadcrumbList\",\"@id\":\"https:\\\/\\\/recupeplus.com\\\/producto\\\/c-magnific\\\/#breadcrumb\",\"itemListElement\":[{\"@type\":\"ListItem\",\"position\":1,\"name\":\"Portada\",\"item\":\"https:\\\/\\\/recupeplus.com\\\/\"},{\"@type\":\"ListItem\",\"position\":2,\"name\":\"Tienda en l\u00ednea\",\"item\":\"https:\\\/\\\/recupeplus.com\\\/tienda-en-linea\\\/\"},{\"@type\":\"ListItem\",\"position\":3,\"name\":\"C-MAGNIFIC\"}]},{\"@type\":\"WebSite\",\"@id\":\"https:\\\/\\\/recupeplus.com\\\/#website\",\"url\":\"https:\\\/\\\/recupeplus.com\\\/\",\"name\":\"Recup\u00e9 Plus\",\"description\":\"Hongos Medicinales\",\"publisher\":{\"@id\":\"https:\\\/\\\/recupeplus.com\\\/#organization\"},\"potentialAction\":[{\"@type\":\"SearchAction\",\"target\":{\"@type\":\"EntryPoint\",\"urlTemplate\":\"https:\\\/\\\/recupeplus.com\\\/?s={search_term_string}\"},\"query-input\":{\"@type\":\"PropertyValueSpecification\",\"valueRequired\":true,\"valueName\":\"search_term_string\"}}],\"inLanguage\":\"en-US\"},{\"@type\":\"Organization\",\"@id\":\"https:\\\/\\\/recupeplus.com\\\/#organization\",\"name\":\"Recup\u00e9 Plus\",\"url\":\"https:\\\/\\\/recupeplus.com\\\/\",\"logo\":{\"@type\":\"ImageObject\",\"inLanguage\":\"en-US\",\"@id\":\"https:\\\/\\\/recupeplus.com\\\/#\\\/schema\\\/logo\\\/image\\\/\",\"url\":\"https:\\\/\\\/recupeplus.com\\\/wp-content\\\/uploads\\\/2024\\\/05\\\/Logo_RecupePlus.avif\",\"contentUrl\":\"https:\\\/\\\/recupeplus.com\\\/wp-content\\\/uploads\\\/2024\\\/05\\\/Logo_RecupePlus.avif\",\"width\":500,\"height\":170,\"caption\":\"Recup\u00e9 Plus\"},\"image\":{\"@id\":\"https:\\\/\\\/recupeplus.com\\\/#\\\/schema\\\/logo\\\/image\\\/\"},\"sameAs\":[\"https:\\\/\\\/www.facebook.com\\\/recupeplus\\\/\"]}]}<\/script>\n<!-- \/ Yoast SEO plugin. -->","yoast_head_json":{"title":"C-MAGNIFIC - Recup\u00e9 Plus","robots":{"index":"index","follow":"follow","max-snippet":"max-snippet:-1","max-image-preview":"max-image-preview:large","max-video-preview":"max-video-preview:-1"},"canonical":"https:\/\/recupeplus.com\/en\/product\/c-magnific\/","og_locale":"en_US","og_type":"article","og_title":"C-MAGNIFIC - Recup\u00e9 Plus","og_description":"Este suplemento alimenticio que combina citrato de magnesio y vitamina C ofrece una serie de beneficios para la salud. El citrato de magnesio es una forma altamente absorbible de magnesio, que es crucial para m\u00e1s de 300 procesos en el cuerpo, incluyendo la funci\u00f3n muscular, nerviosa y cardiovascular. La vitamina C, por su parte, es un antioxidante que fortalece el sistema inmunol\u00f3gico, mejora la absorci\u00f3n de hierro, promueve la producci\u00f3n de col\u00e1geno para la salud de la piel y los huesos, y ayuda en la reducci\u00f3n del estr\u00e9s oxidativo. Juntos, el citrato de magnesio y la vitamina C pueden mejorar la salud general, apoyar la funci\u00f3n muscular y nerviosa, fortalecer el sistema inmunol\u00f3gico y promover una piel sana y una buena salud cardiovascular.","og_url":"https:\/\/recupeplus.com\/en\/product\/c-magnific\/","og_site_name":"Recup\u00e9 Plus","article_publisher":"https:\/\/www.facebook.com\/recupeplus\/","article_modified_time":"2026-04-16T17:20:20+00:00","og_image":[{"width":800,"height":800,"url":"https:\/\/recupeplus.com\/wp-content\/uploads\/2024\/05\/TIENDA-RECUPE-800-X800-PX.png","type":"image\/png"}],"twitter_card":"summary_large_image","twitter_misc":{"Est. reading time":"1 minute"},"schema":{"@context":"https:\/\/schema.org","@graph":[{"@type":"WebPage","@id":"https:\/\/recupeplus.com\/producto\/c-magnific\/","url":"https:\/\/recupeplus.com\/producto\/c-magnific\/","name":"C-MAGNIFIC - Recup\u00e9 Plus","isPartOf":{"@id":"https:\/\/recupeplus.com\/#website"},"primaryImageOfPage":{"@id":"https:\/\/recupeplus.com\/producto\/c-magnific\/#primaryimage"},"image":{"@id":"https:\/\/recupeplus.com\/producto\/c-magnific\/#primaryimage"},"thumbnailUrl":"https:\/\/recupeplus.com\/wp-content\/uploads\/2024\/05\/TIENDA-RECUPE-800-X800-PX.png","datePublished":"2024-05-15T17:55:51+00:00","dateModified":"2026-04-16T17:20:20+00:00","breadcrumb":{"@id":"https:\/\/recupeplus.com\/producto\/c-magnific\/#breadcrumb"},"inLanguage":"en-US","potentialAction":[{"@type":"ReadAction","target":["https:\/\/recupeplus.com\/producto\/c-magnific\/"]}]},{"@type":"ImageObject","inLanguage":"en-US","@id":"https:\/\/recupeplus.com\/producto\/c-magnific\/#primaryimage","url":"https:\/\/recupeplus.com\/wp-content\/uploads\/2024\/05\/TIENDA-RECUPE-800-X800-PX.png","contentUrl":"https:\/\/recupeplus.com\/wp-content\/uploads\/2024\/05\/TIENDA-RECUPE-800-X800-PX.png","width":800,"height":800},{"@type":"BreadcrumbList","@id":"https:\/\/recupeplus.com\/producto\/c-magnific\/#breadcrumb","itemListElement":[{"@type":"ListItem","position":1,"name":"Portada","item":"https:\/\/recupeplus.com\/"},{"@type":"ListItem","position":2,"name":"Tienda en l\u00ednea","item":"https:\/\/recupeplus.com\/tienda-en-linea\/"},{"@type":"ListItem","position":3,"name":"C-MAGNIFIC"}]},{"@type":"WebSite","@id":"https:\/\/recupeplus.com\/#website","url":"https:\/\/recupeplus.com\/","name":"Recup\u00e9 Plus","description":"Medicinal Mushrooms","publisher":{"@id":"https:\/\/recupeplus.com\/#organization"},"potentialAction":[{"@type":"SearchAction","target":{"@type":"EntryPoint","urlTemplate":"https:\/\/recupeplus.com\/?s={search_term_string}"},"query-input":{"@type":"PropertyValueSpecification","valueRequired":true,"valueName":"search_term_string"}}],"inLanguage":"en-US"},{"@type":"Organization","@id":"https:\/\/recupeplus.com\/#organization","name":"Recup\u00e9 Plus","url":"https:\/\/recupeplus.com\/","logo":{"@type":"ImageObject","inLanguage":"en-US","@id":"https:\/\/recupeplus.com\/#\/schema\/logo\/image\/","url":"https:\/\/recupeplus.com\/wp-content\/uploads\/2024\/05\/Logo_RecupePlus.avif","contentUrl":"https:\/\/recupeplus.com\/wp-content\/uploads\/2024\/05\/Logo_RecupePlus.avif","width":500,"height":170,"caption":"Recup\u00e9 Plus"},"image":{"@id":"https:\/\/recupeplus.com\/#\/schema\/logo\/image\/"},"sameAs":["https:\/\/www.facebook.com\/recupeplus\/"]}]}},"_links":{"self":[{"href":"https:\/\/recupeplus.com\/en\/wp-json\/wp\/v2\/product\/15648","targetHints":{"allow":["GET"]}}],"collection":[{"href":"https:\/\/recupeplus.com\/en\/wp-json\/wp\/v2\/product"}],"about":[{"href":"https:\/\/recupeplus.com\/en\/wp-json\/wp\/v2\/types\/product"}],"replies":[{"embeddable":true,"href":"https:\/\/recupeplus.com\/en\/wp-json\/wp\/v2\/comments?post=15648"}],"version-history":[{"count":0,"href":"https:\/\/recupeplus.com\/en\/wp-json\/wp\/v2\/product\/15648\/revisions"}],"wp:featuredmedia":[{"embeddable":true,"href":"https:\/\/recupeplus.com\/en\/wp-json\/wp\/v2\/media\/17061"}],"wp:attachment":[{"href":"https:\/\/recupeplus.com\/en\/wp-json\/wp\/v2\/media?parent=15648"}],"wp:term":[{"taxonomy":"product_brand","embeddable":true,"href":"https:\/\/recupeplus.com\/en\/wp-json\/wp\/v2\/product_brand?post=15648"},{"taxonomy":"product_cat","embeddable":true,"href":"https:\/\/recupeplus.com\/en\/wp-json\/wp\/v2\/product_cat?post=15648"},{"taxonomy":"product_tag","embeddable":true,"href":"https:\/\/recupeplus.com\/en\/wp-json\/wp\/v2\/product_tag?post=15648"}],"curies":[{"name":"wp","href":"https:\/\/api.w.org\/{rel}","templated":true}]}}