{"id":15670,"date":"2024-05-15T20:04:19","date_gmt":"2024-05-15T18:04:19","guid":{"rendered":"https:\/\/desarrollo.clickdigitalcr.com\/recupeplus\/?post_type=product&#038;p=15670"},"modified":"2025-05-02T20:03:51","modified_gmt":"2025-05-02T18:03:51","slug":"recovery-bolsa-12-ud","status":"publish","type":"product","link":"https:\/\/recupeplus.com\/en\/product\/recovery-bolsa-12-ud\/","title":{"rendered":"RECOVERY BAG 12 PCS"},"content":{"rendered":"","protected":false},"excerpt":{"rendered":"<p class=\"p1\"><strong>Food supplement in capsules based on mushrooms: REISHI, CORDYCEPS and LION'S MANE.<\/strong><\/p>\n<p class=\"p1\">It provides mental and muscular recovery to the body, reduces stress, fatigue and physical and mental exhaustion, anti-inflammatory, provides general well-being due to its antioxidant content. It is useful for recovery after a hard training or competition, an illness or intervention.<\/p>","protected":false},"featured_media":15661,"comment_status":"open","ping_status":"closed","template":"","meta":{"_joinchat":[]},"product_brand":[],"product_cat":[74],"product_tag":[],"class_list":{"0":"post-15670","1":"product","2":"type-product","3":"status-publish","4":"has-post-thumbnail","6":"product_cat-hongos-medicinales-bolsa-12-ud","8":"first","9":"instock","10":"taxable","11":"shipping-taxable","12":"purchasable","13":"product-type-simple"},"yoast_head":"<!-- This site is optimized with the Yoast SEO plugin v27.3 - https:\/\/yoast.com\/product\/yoast-seo-wordpress\/ -->\n<title>RECOVERY BOLSA 12 UD - Recup\u00e9 Plus<\/title>\n<meta name=\"robots\" content=\"index, follow, max-snippet:-1, max-image-preview:large, max-video-preview:-1\" \/>\n<link rel=\"canonical\" href=\"https:\/\/recupeplus.com\/en\/product\/recovery-bolsa-12-ud\/\" \/>\n<meta property=\"og:locale\" content=\"en_US\" \/>\n<meta property=\"og:type\" content=\"article\" \/>\n<meta property=\"og:title\" content=\"RECOVERY BOLSA 12 UD - Recup\u00e9 Plus\" \/>\n<meta property=\"og:description\" content=\"Suplemento alimenticio en c\u00e1psulas a base de hongos: REISHI, CORDYCEPS y LION&#039;S MANE Proporciona recuperaci\u00f3n mental y muscular al organismo, reduce el estr\u00e9s, fatiga\u00a0\u00a0y agotamiento f\u00edsico y mental, antiinflamatorio, brinda bienestar en general por su contenido en antioxidantes.\u00a0Sirve para la recuperaci\u00f3n despu\u00e9s de un duro entrenamiento o competencia, una enfermedad o intervenci\u00f3n\" \/>\n<meta property=\"og:url\" content=\"https:\/\/recupeplus.com\/en\/product\/recovery-bolsa-12-ud\/\" \/>\n<meta property=\"og:site_name\" content=\"Recup\u00e9 Plus\" \/>\n<meta property=\"article:publisher\" content=\"https:\/\/www.facebook.com\/recupeplus\/\" \/>\n<meta property=\"article:modified_time\" content=\"2025-05-02T18:03:51+00:00\" \/>\n<meta property=\"og:image\" content=\"https:\/\/recupeplus.com\/wp-content\/uploads\/2024\/05\/BOLSA_MOCKUP_RECOVERY_FRENTE_1-2-24.webp\" \/>\n\t<meta property=\"og:image:width\" content=\"990\" \/>\n\t<meta property=\"og:image:height\" content=\"990\" \/>\n\t<meta property=\"og:image:type\" content=\"image\/webp\" \/>\n<meta name=\"twitter:card\" content=\"summary_large_image\" \/>\n<script type=\"application\/ld+json\" class=\"yoast-schema-graph\">{\"@context\":\"https:\\\/\\\/schema.org\",\"@graph\":[{\"@type\":\"WebPage\",\"@id\":\"https:\\\/\\\/recupeplus.com\\\/producto\\\/recovery-bolsa-12-ud\\\/\",\"url\":\"https:\\\/\\\/recupeplus.com\\\/producto\\\/recovery-bolsa-12-ud\\\/\",\"name\":\"RECOVERY BOLSA 12 UD - Recup\u00e9 Plus\",\"isPartOf\":{\"@id\":\"https:\\\/\\\/recupeplus.com\\\/#website\"},\"primaryImageOfPage\":{\"@id\":\"https:\\\/\\\/recupeplus.com\\\/producto\\\/recovery-bolsa-12-ud\\\/#primaryimage\"},\"image\":{\"@id\":\"https:\\\/\\\/recupeplus.com\\\/producto\\\/recovery-bolsa-12-ud\\\/#primaryimage\"},\"thumbnailUrl\":\"https:\\\/\\\/recupeplus.com\\\/wp-content\\\/uploads\\\/2024\\\/05\\\/BOLSA_MOCKUP_RECOVERY_FRENTE_1-2-24.webp\",\"datePublished\":\"2024-05-15T18:04:19+00:00\",\"dateModified\":\"2025-05-02T18:03:51+00:00\",\"breadcrumb\":{\"@id\":\"https:\\\/\\\/recupeplus.com\\\/producto\\\/recovery-bolsa-12-ud\\\/#breadcrumb\"},\"inLanguage\":\"en-US\",\"potentialAction\":[{\"@type\":\"ReadAction\",\"target\":[\"https:\\\/\\\/recupeplus.com\\\/producto\\\/recovery-bolsa-12-ud\\\/\"]}]},{\"@type\":\"ImageObject\",\"inLanguage\":\"en-US\",\"@id\":\"https:\\\/\\\/recupeplus.com\\\/producto\\\/recovery-bolsa-12-ud\\\/#primaryimage\",\"url\":\"https:\\\/\\\/recupeplus.com\\\/wp-content\\\/uploads\\\/2024\\\/05\\\/BOLSA_MOCKUP_RECOVERY_FRENTE_1-2-24.webp\",\"contentUrl\":\"https:\\\/\\\/recupeplus.com\\\/wp-content\\\/uploads\\\/2024\\\/05\\\/BOLSA_MOCKUP_RECOVERY_FRENTE_1-2-24.webp\",\"width\":990,\"height\":990},{\"@type\":\"BreadcrumbList\",\"@id\":\"https:\\\/\\\/recupeplus.com\\\/producto\\\/recovery-bolsa-12-ud\\\/#breadcrumb\",\"itemListElement\":[{\"@type\":\"ListItem\",\"position\":1,\"name\":\"Portada\",\"item\":\"https:\\\/\\\/recupeplus.com\\\/\"},{\"@type\":\"ListItem\",\"position\":2,\"name\":\"Tienda en l\u00ednea\",\"item\":\"https:\\\/\\\/recupeplus.com\\\/tienda-en-linea\\\/\"},{\"@type\":\"ListItem\",\"position\":3,\"name\":\"RECOVERY BOLSA 12 UD\"}]},{\"@type\":\"WebSite\",\"@id\":\"https:\\\/\\\/recupeplus.com\\\/#website\",\"url\":\"https:\\\/\\\/recupeplus.com\\\/\",\"name\":\"Recup\u00e9 Plus\",\"description\":\"Hongos Medicinales\",\"publisher\":{\"@id\":\"https:\\\/\\\/recupeplus.com\\\/#organization\"},\"potentialAction\":[{\"@type\":\"SearchAction\",\"target\":{\"@type\":\"EntryPoint\",\"urlTemplate\":\"https:\\\/\\\/recupeplus.com\\\/?s={search_term_string}\"},\"query-input\":{\"@type\":\"PropertyValueSpecification\",\"valueRequired\":true,\"valueName\":\"search_term_string\"}}],\"inLanguage\":\"en-US\"},{\"@type\":\"Organization\",\"@id\":\"https:\\\/\\\/recupeplus.com\\\/#organization\",\"name\":\"Recup\u00e9 Plus\",\"url\":\"https:\\\/\\\/recupeplus.com\\\/\",\"logo\":{\"@type\":\"ImageObject\",\"inLanguage\":\"en-US\",\"@id\":\"https:\\\/\\\/recupeplus.com\\\/#\\\/schema\\\/logo\\\/image\\\/\",\"url\":\"https:\\\/\\\/recupeplus.com\\\/wp-content\\\/uploads\\\/2024\\\/05\\\/Logo_RecupePlus.avif\",\"contentUrl\":\"https:\\\/\\\/recupeplus.com\\\/wp-content\\\/uploads\\\/2024\\\/05\\\/Logo_RecupePlus.avif\",\"width\":500,\"height\":170,\"caption\":\"Recup\u00e9 Plus\"},\"image\":{\"@id\":\"https:\\\/\\\/recupeplus.com\\\/#\\\/schema\\\/logo\\\/image\\\/\"},\"sameAs\":[\"https:\\\/\\\/www.facebook.com\\\/recupeplus\\\/\"]}]}<\/script>\n<!-- \/ Yoast SEO plugin. -->","yoast_head_json":{"title":"RECOVERY BOLSA 12 UD - Recup\u00e9 Plus","robots":{"index":"index","follow":"follow","max-snippet":"max-snippet:-1","max-image-preview":"max-image-preview:large","max-video-preview":"max-video-preview:-1"},"canonical":"https:\/\/recupeplus.com\/en\/product\/recovery-bolsa-12-ud\/","og_locale":"en_US","og_type":"article","og_title":"RECOVERY BOLSA 12 UD - Recup\u00e9 Plus","og_description":"Suplemento alimenticio en c\u00e1psulas a base de hongos: REISHI, CORDYCEPS y LION'S MANE Proporciona recuperaci\u00f3n mental y muscular al organismo, reduce el estr\u00e9s, fatiga\u00a0\u00a0y agotamiento f\u00edsico y mental, antiinflamatorio, brinda bienestar en general por su contenido en antioxidantes.\u00a0Sirve para la recuperaci\u00f3n despu\u00e9s de un duro entrenamiento o competencia, una enfermedad o intervenci\u00f3n","og_url":"https:\/\/recupeplus.com\/en\/product\/recovery-bolsa-12-ud\/","og_site_name":"Recup\u00e9 Plus","article_publisher":"https:\/\/www.facebook.com\/recupeplus\/","article_modified_time":"2025-05-02T18:03:51+00:00","og_image":[{"width":990,"height":990,"url":"https:\/\/recupeplus.com\/wp-content\/uploads\/2024\/05\/BOLSA_MOCKUP_RECOVERY_FRENTE_1-2-24.webp","type":"image\/webp"}],"twitter_card":"summary_large_image","schema":{"@context":"https:\/\/schema.org","@graph":[{"@type":"WebPage","@id":"https:\/\/recupeplus.com\/producto\/recovery-bolsa-12-ud\/","url":"https:\/\/recupeplus.com\/producto\/recovery-bolsa-12-ud\/","name":"RECOVERY BOLSA 12 UD - Recup\u00e9 Plus","isPartOf":{"@id":"https:\/\/recupeplus.com\/#website"},"primaryImageOfPage":{"@id":"https:\/\/recupeplus.com\/producto\/recovery-bolsa-12-ud\/#primaryimage"},"image":{"@id":"https:\/\/recupeplus.com\/producto\/recovery-bolsa-12-ud\/#primaryimage"},"thumbnailUrl":"https:\/\/recupeplus.com\/wp-content\/uploads\/2024\/05\/BOLSA_MOCKUP_RECOVERY_FRENTE_1-2-24.webp","datePublished":"2024-05-15T18:04:19+00:00","dateModified":"2025-05-02T18:03:51+00:00","breadcrumb":{"@id":"https:\/\/recupeplus.com\/producto\/recovery-bolsa-12-ud\/#breadcrumb"},"inLanguage":"en-US","potentialAction":[{"@type":"ReadAction","target":["https:\/\/recupeplus.com\/producto\/recovery-bolsa-12-ud\/"]}]},{"@type":"ImageObject","inLanguage":"en-US","@id":"https:\/\/recupeplus.com\/producto\/recovery-bolsa-12-ud\/#primaryimage","url":"https:\/\/recupeplus.com\/wp-content\/uploads\/2024\/05\/BOLSA_MOCKUP_RECOVERY_FRENTE_1-2-24.webp","contentUrl":"https:\/\/recupeplus.com\/wp-content\/uploads\/2024\/05\/BOLSA_MOCKUP_RECOVERY_FRENTE_1-2-24.webp","width":990,"height":990},{"@type":"BreadcrumbList","@id":"https:\/\/recupeplus.com\/producto\/recovery-bolsa-12-ud\/#breadcrumb","itemListElement":[{"@type":"ListItem","position":1,"name":"Portada","item":"https:\/\/recupeplus.com\/"},{"@type":"ListItem","position":2,"name":"Tienda en l\u00ednea","item":"https:\/\/recupeplus.com\/tienda-en-linea\/"},{"@type":"ListItem","position":3,"name":"RECOVERY BOLSA 12 UD"}]},{"@type":"WebSite","@id":"https:\/\/recupeplus.com\/#website","url":"https:\/\/recupeplus.com\/","name":"Recup\u00e9 Plus","description":"Medicinal Mushrooms","publisher":{"@id":"https:\/\/recupeplus.com\/#organization"},"potentialAction":[{"@type":"SearchAction","target":{"@type":"EntryPoint","urlTemplate":"https:\/\/recupeplus.com\/?s={search_term_string}"},"query-input":{"@type":"PropertyValueSpecification","valueRequired":true,"valueName":"search_term_string"}}],"inLanguage":"en-US"},{"@type":"Organization","@id":"https:\/\/recupeplus.com\/#organization","name":"Recup\u00e9 Plus","url":"https:\/\/recupeplus.com\/","logo":{"@type":"ImageObject","inLanguage":"en-US","@id":"https:\/\/recupeplus.com\/#\/schema\/logo\/image\/","url":"https:\/\/recupeplus.com\/wp-content\/uploads\/2024\/05\/Logo_RecupePlus.avif","contentUrl":"https:\/\/recupeplus.com\/wp-content\/uploads\/2024\/05\/Logo_RecupePlus.avif","width":500,"height":170,"caption":"Recup\u00e9 Plus"},"image":{"@id":"https:\/\/recupeplus.com\/#\/schema\/logo\/image\/"},"sameAs":["https:\/\/www.facebook.com\/recupeplus\/"]}]}},"_links":{"self":[{"href":"https:\/\/recupeplus.com\/en\/wp-json\/wp\/v2\/product\/15670","targetHints":{"allow":["GET"]}}],"collection":[{"href":"https:\/\/recupeplus.com\/en\/wp-json\/wp\/v2\/product"}],"about":[{"href":"https:\/\/recupeplus.com\/en\/wp-json\/wp\/v2\/types\/product"}],"replies":[{"embeddable":true,"href":"https:\/\/recupeplus.com\/en\/wp-json\/wp\/v2\/comments?post=15670"}],"version-history":[{"count":0,"href":"https:\/\/recupeplus.com\/en\/wp-json\/wp\/v2\/product\/15670\/revisions"}],"wp:featuredmedia":[{"embeddable":true,"href":"https:\/\/recupeplus.com\/en\/wp-json\/wp\/v2\/media\/15661"}],"wp:attachment":[{"href":"https:\/\/recupeplus.com\/en\/wp-json\/wp\/v2\/media?parent=15670"}],"wp:term":[{"taxonomy":"product_brand","embeddable":true,"href":"https:\/\/recupeplus.com\/en\/wp-json\/wp\/v2\/product_brand?post=15670"},{"taxonomy":"product_cat","embeddable":true,"href":"https:\/\/recupeplus.com\/en\/wp-json\/wp\/v2\/product_cat?post=15670"},{"taxonomy":"product_tag","embeddable":true,"href":"https:\/\/recupeplus.com\/en\/wp-json\/wp\/v2\/product_tag?post=15670"}],"curies":[{"name":"wp","href":"https:\/\/api.w.org\/{rel}","templated":true}]}}