{"id":15908,"date":"2024-05-17T23:42:21","date_gmt":"2024-05-17T21:42:21","guid":{"rendered":"https:\/\/desarrollo.clickdigitalcr.com\/recupeplus\/?post_type=product&#038;p=15908"},"modified":"2026-04-16T18:21:09","modified_gmt":"2026-04-16T16:21:09","slug":"serenity","status":"publish","type":"product","link":"https:\/\/recupeplus.com\/en\/product\/serenity\/","title":{"rendered":"SERENITY"},"content":{"rendered":"","protected":false},"excerpt":{"rendered":"<p style=\"font-weight: 400;\"><strong>Aswagandha and Vitamin C gummies, chamomile flavor<\/strong><\/p>\n<p style=\"font-weight: 400;\">This gummy supplement combines Ashwagandha, chamomile and Vitamin C to provide multiple benefits. It helps reduce stress and anxiety, improves sleep quality, supports digestive health and strengthens the immune system. In addition, it acts as an antioxidant, promoting healthy skin and increasing daily energy.<\/p>","protected":false},"featured_media":17056,"comment_status":"open","ping_status":"closed","template":"","meta":{"_joinchat":[]},"product_brand":[],"product_cat":[71],"product_tag":[],"class_list":{"0":"post-15908","1":"product","2":"type-product","3":"status-publish","4":"has-post-thumbnail","6":"product_cat-gomitas-funcionales","8":"first","9":"instock","10":"taxable","11":"shipping-taxable","12":"purchasable","13":"product-type-simple"},"yoast_head":"<!-- This site is optimized with the Yoast SEO plugin v27.3 - https:\/\/yoast.com\/product\/yoast-seo-wordpress\/ -->\n<title>SERENITY - Recup\u00e9 Plus<\/title>\n<meta name=\"robots\" content=\"index, follow, max-snippet:-1, max-image-preview:large, max-video-preview:-1\" \/>\n<link rel=\"canonical\" href=\"https:\/\/recupeplus.com\/en\/product\/serenity\/\" \/>\n<meta property=\"og:locale\" content=\"en_US\" \/>\n<meta property=\"og:type\" content=\"article\" \/>\n<meta property=\"og:title\" content=\"SERENITY - Recup\u00e9 Plus\" \/>\n<meta property=\"og:description\" content=\"Gomitas a Base de Aswagandha y Vitamina C, sabor manzanilla Este suplemento en gomita combina Ashwagandha, manzanilla y Vitamina C para proporcionar m\u00faltiples beneficios. Ayuda a reducir el estr\u00e9s y la ansiedad, mejora la calidad del sue\u00f1o, apoya la salud digestiva y fortalece el sistema inmunol\u00f3gico. Adem\u00e1s, act\u00faa como antioxidante, promoviendo una piel saludable y aumentando la energ\u00eda diaria.\" \/>\n<meta property=\"og:url\" content=\"https:\/\/recupeplus.com\/en\/product\/serenity\/\" \/>\n<meta property=\"og:site_name\" content=\"Recup\u00e9 Plus\" \/>\n<meta property=\"article:publisher\" content=\"https:\/\/www.facebook.com\/recupeplus\/\" \/>\n<meta property=\"article:modified_time\" content=\"2026-04-16T16:21:09+00:00\" \/>\n<meta property=\"og:image\" content=\"https:\/\/recupeplus.com\/wp-content\/uploads\/2026\/04\/Diseno-sin-titulo-1.png\" \/>\n\t<meta property=\"og:image:width\" content=\"800\" \/>\n\t<meta property=\"og:image:height\" content=\"800\" \/>\n\t<meta property=\"og:image:type\" content=\"image\/png\" \/>\n<meta name=\"twitter:card\" content=\"summary_large_image\" \/>\n<meta name=\"twitter:label1\" content=\"Est. reading time\" \/>\n\t<meta name=\"twitter:data1\" content=\"1 minute\" \/>\n<script type=\"application\/ld+json\" class=\"yoast-schema-graph\">{\"@context\":\"https:\\\/\\\/schema.org\",\"@graph\":[{\"@type\":\"WebPage\",\"@id\":\"https:\\\/\\\/recupeplus.com\\\/producto\\\/serenity\\\/\",\"url\":\"https:\\\/\\\/recupeplus.com\\\/producto\\\/serenity\\\/\",\"name\":\"SERENITY - Recup\u00e9 Plus\",\"isPartOf\":{\"@id\":\"https:\\\/\\\/recupeplus.com\\\/#website\"},\"primaryImageOfPage\":{\"@id\":\"https:\\\/\\\/recupeplus.com\\\/producto\\\/serenity\\\/#primaryimage\"},\"image\":{\"@id\":\"https:\\\/\\\/recupeplus.com\\\/producto\\\/serenity\\\/#primaryimage\"},\"thumbnailUrl\":\"https:\\\/\\\/recupeplus.com\\\/wp-content\\\/uploads\\\/2026\\\/04\\\/Diseno-sin-titulo-1.png\",\"datePublished\":\"2024-05-17T21:42:21+00:00\",\"dateModified\":\"2026-04-16T16:21:09+00:00\",\"breadcrumb\":{\"@id\":\"https:\\\/\\\/recupeplus.com\\\/producto\\\/serenity\\\/#breadcrumb\"},\"inLanguage\":\"en-US\",\"potentialAction\":[{\"@type\":\"ReadAction\",\"target\":[\"https:\\\/\\\/recupeplus.com\\\/producto\\\/serenity\\\/\"]}]},{\"@type\":\"ImageObject\",\"inLanguage\":\"en-US\",\"@id\":\"https:\\\/\\\/recupeplus.com\\\/producto\\\/serenity\\\/#primaryimage\",\"url\":\"https:\\\/\\\/recupeplus.com\\\/wp-content\\\/uploads\\\/2026\\\/04\\\/Diseno-sin-titulo-1.png\",\"contentUrl\":\"https:\\\/\\\/recupeplus.com\\\/wp-content\\\/uploads\\\/2026\\\/04\\\/Diseno-sin-titulo-1.png\",\"width\":800,\"height\":800},{\"@type\":\"BreadcrumbList\",\"@id\":\"https:\\\/\\\/recupeplus.com\\\/producto\\\/serenity\\\/#breadcrumb\",\"itemListElement\":[{\"@type\":\"ListItem\",\"position\":1,\"name\":\"Portada\",\"item\":\"https:\\\/\\\/recupeplus.com\\\/\"},{\"@type\":\"ListItem\",\"position\":2,\"name\":\"Tienda en l\u00ednea\",\"item\":\"https:\\\/\\\/recupeplus.com\\\/tienda-en-linea\\\/\"},{\"@type\":\"ListItem\",\"position\":3,\"name\":\"SERENITY\"}]},{\"@type\":\"WebSite\",\"@id\":\"https:\\\/\\\/recupeplus.com\\\/#website\",\"url\":\"https:\\\/\\\/recupeplus.com\\\/\",\"name\":\"Recup\u00e9 Plus\",\"description\":\"Hongos Medicinales\",\"publisher\":{\"@id\":\"https:\\\/\\\/recupeplus.com\\\/#organization\"},\"potentialAction\":[{\"@type\":\"SearchAction\",\"target\":{\"@type\":\"EntryPoint\",\"urlTemplate\":\"https:\\\/\\\/recupeplus.com\\\/?s={search_term_string}\"},\"query-input\":{\"@type\":\"PropertyValueSpecification\",\"valueRequired\":true,\"valueName\":\"search_term_string\"}}],\"inLanguage\":\"en-US\"},{\"@type\":\"Organization\",\"@id\":\"https:\\\/\\\/recupeplus.com\\\/#organization\",\"name\":\"Recup\u00e9 Plus\",\"url\":\"https:\\\/\\\/recupeplus.com\\\/\",\"logo\":{\"@type\":\"ImageObject\",\"inLanguage\":\"en-US\",\"@id\":\"https:\\\/\\\/recupeplus.com\\\/#\\\/schema\\\/logo\\\/image\\\/\",\"url\":\"https:\\\/\\\/recupeplus.com\\\/wp-content\\\/uploads\\\/2024\\\/05\\\/Logo_RecupePlus.avif\",\"contentUrl\":\"https:\\\/\\\/recupeplus.com\\\/wp-content\\\/uploads\\\/2024\\\/05\\\/Logo_RecupePlus.avif\",\"width\":500,\"height\":170,\"caption\":\"Recup\u00e9 Plus\"},\"image\":{\"@id\":\"https:\\\/\\\/recupeplus.com\\\/#\\\/schema\\\/logo\\\/image\\\/\"},\"sameAs\":[\"https:\\\/\\\/www.facebook.com\\\/recupeplus\\\/\"]}]}<\/script>\n<!-- \/ Yoast SEO plugin. -->","yoast_head_json":{"title":"SERENITY - Recup\u00e9 Plus","robots":{"index":"index","follow":"follow","max-snippet":"max-snippet:-1","max-image-preview":"max-image-preview:large","max-video-preview":"max-video-preview:-1"},"canonical":"https:\/\/recupeplus.com\/en\/product\/serenity\/","og_locale":"en_US","og_type":"article","og_title":"SERENITY - Recup\u00e9 Plus","og_description":"Gomitas a Base de Aswagandha y Vitamina C, sabor manzanilla Este suplemento en gomita combina Ashwagandha, manzanilla y Vitamina C para proporcionar m\u00faltiples beneficios. Ayuda a reducir el estr\u00e9s y la ansiedad, mejora la calidad del sue\u00f1o, apoya la salud digestiva y fortalece el sistema inmunol\u00f3gico. Adem\u00e1s, act\u00faa como antioxidante, promoviendo una piel saludable y aumentando la energ\u00eda diaria.","og_url":"https:\/\/recupeplus.com\/en\/product\/serenity\/","og_site_name":"Recup\u00e9 Plus","article_publisher":"https:\/\/www.facebook.com\/recupeplus\/","article_modified_time":"2026-04-16T16:21:09+00:00","og_image":[{"width":800,"height":800,"url":"https:\/\/recupeplus.com\/wp-content\/uploads\/2026\/04\/Diseno-sin-titulo-1.png","type":"image\/png"}],"twitter_card":"summary_large_image","twitter_misc":{"Est. reading time":"1 minute"},"schema":{"@context":"https:\/\/schema.org","@graph":[{"@type":"WebPage","@id":"https:\/\/recupeplus.com\/producto\/serenity\/","url":"https:\/\/recupeplus.com\/producto\/serenity\/","name":"SERENITY - Recup\u00e9 Plus","isPartOf":{"@id":"https:\/\/recupeplus.com\/#website"},"primaryImageOfPage":{"@id":"https:\/\/recupeplus.com\/producto\/serenity\/#primaryimage"},"image":{"@id":"https:\/\/recupeplus.com\/producto\/serenity\/#primaryimage"},"thumbnailUrl":"https:\/\/recupeplus.com\/wp-content\/uploads\/2026\/04\/Diseno-sin-titulo-1.png","datePublished":"2024-05-17T21:42:21+00:00","dateModified":"2026-04-16T16:21:09+00:00","breadcrumb":{"@id":"https:\/\/recupeplus.com\/producto\/serenity\/#breadcrumb"},"inLanguage":"en-US","potentialAction":[{"@type":"ReadAction","target":["https:\/\/recupeplus.com\/producto\/serenity\/"]}]},{"@type":"ImageObject","inLanguage":"en-US","@id":"https:\/\/recupeplus.com\/producto\/serenity\/#primaryimage","url":"https:\/\/recupeplus.com\/wp-content\/uploads\/2026\/04\/Diseno-sin-titulo-1.png","contentUrl":"https:\/\/recupeplus.com\/wp-content\/uploads\/2026\/04\/Diseno-sin-titulo-1.png","width":800,"height":800},{"@type":"BreadcrumbList","@id":"https:\/\/recupeplus.com\/producto\/serenity\/#breadcrumb","itemListElement":[{"@type":"ListItem","position":1,"name":"Portada","item":"https:\/\/recupeplus.com\/"},{"@type":"ListItem","position":2,"name":"Tienda en l\u00ednea","item":"https:\/\/recupeplus.com\/tienda-en-linea\/"},{"@type":"ListItem","position":3,"name":"SERENITY"}]},{"@type":"WebSite","@id":"https:\/\/recupeplus.com\/#website","url":"https:\/\/recupeplus.com\/","name":"Recup\u00e9 Plus","description":"Medicinal Mushrooms","publisher":{"@id":"https:\/\/recupeplus.com\/#organization"},"potentialAction":[{"@type":"SearchAction","target":{"@type":"EntryPoint","urlTemplate":"https:\/\/recupeplus.com\/?s={search_term_string}"},"query-input":{"@type":"PropertyValueSpecification","valueRequired":true,"valueName":"search_term_string"}}],"inLanguage":"en-US"},{"@type":"Organization","@id":"https:\/\/recupeplus.com\/#organization","name":"Recup\u00e9 Plus","url":"https:\/\/recupeplus.com\/","logo":{"@type":"ImageObject","inLanguage":"en-US","@id":"https:\/\/recupeplus.com\/#\/schema\/logo\/image\/","url":"https:\/\/recupeplus.com\/wp-content\/uploads\/2024\/05\/Logo_RecupePlus.avif","contentUrl":"https:\/\/recupeplus.com\/wp-content\/uploads\/2024\/05\/Logo_RecupePlus.avif","width":500,"height":170,"caption":"Recup\u00e9 Plus"},"image":{"@id":"https:\/\/recupeplus.com\/#\/schema\/logo\/image\/"},"sameAs":["https:\/\/www.facebook.com\/recupeplus\/"]}]}},"_links":{"self":[{"href":"https:\/\/recupeplus.com\/en\/wp-json\/wp\/v2\/product\/15908","targetHints":{"allow":["GET"]}}],"collection":[{"href":"https:\/\/recupeplus.com\/en\/wp-json\/wp\/v2\/product"}],"about":[{"href":"https:\/\/recupeplus.com\/en\/wp-json\/wp\/v2\/types\/product"}],"replies":[{"embeddable":true,"href":"https:\/\/recupeplus.com\/en\/wp-json\/wp\/v2\/comments?post=15908"}],"version-history":[{"count":0,"href":"https:\/\/recupeplus.com\/en\/wp-json\/wp\/v2\/product\/15908\/revisions"}],"wp:featuredmedia":[{"embeddable":true,"href":"https:\/\/recupeplus.com\/en\/wp-json\/wp\/v2\/media\/17056"}],"wp:attachment":[{"href":"https:\/\/recupeplus.com\/en\/wp-json\/wp\/v2\/media?parent=15908"}],"wp:term":[{"taxonomy":"product_brand","embeddable":true,"href":"https:\/\/recupeplus.com\/en\/wp-json\/wp\/v2\/product_brand?post=15908"},{"taxonomy":"product_cat","embeddable":true,"href":"https:\/\/recupeplus.com\/en\/wp-json\/wp\/v2\/product_cat?post=15908"},{"taxonomy":"product_tag","embeddable":true,"href":"https:\/\/recupeplus.com\/en\/wp-json\/wp\/v2\/product_tag?post=15908"}],"curies":[{"name":"wp","href":"https:\/\/api.w.org\/{rel}","templated":true}]}}