{"id":15640,"date":"2024-05-15T19:47:33","date_gmt":"2024-05-15T17:47:33","guid":{"rendered":"https:\/\/desarrollo.clickdigitalcr.com\/recupeplus\/?post_type=product&#038;p=15640"},"modified":"2026-04-16T22:39:59","modified_gmt":"2026-04-16T20:39:59","slug":"memento","status":"publish","type":"product","link":"https:\/\/recupeplus.com\/es_es\/producto\/memento\/","title":{"rendered":"MEMENTO"},"content":{"rendered":"\t\t<div data-elementor-type=\"product-post\" data-elementor-id=\"15640\" class=\"elementor elementor-15640\" data-elementor-post-type=\"product\">\n\t\t\t\t<div class=\"wd-negative-gap elementor-element elementor-element-61f0502 e-flex e-con-boxed e-con e-parent\" data-id=\"61f0502\" data-element_type=\"container\" data-e-type=\"container\">\n\t\t\t\t\t<div class=\"e-con-inner\">\n\t\t\t\t<div class=\"elementor-element elementor-element-acc2825 color-scheme-inherit text-left elementor-widget elementor-widget-text-editor\" data-id=\"acc2825\" data-element_type=\"widget\" data-e-type=\"widget\" data-widget_type=\"text-editor.default\">\n\t\t\t\t<div class=\"elementor-widget-container\">\n\t\t\t\t\t\t\t\t\t<h2 class=\"product_title entry-title wd-entities-title\">RECUP\u00c9 PLUS MEMENTO<\/h2><p>Nuestra c\u00e1psula contiene una combinaci\u00f3n de 77% de <a href=\"https:\/\/recupeplus.com\/lions-mane\/\">Melena de Le\u00f3n<\/a> (Hericium erinaceus) y 23% de <a href=\"https:\/\/recupeplus.com\/cordyceps\/\">Cordyceps<\/a> (Cordyceps sinensis), ofreciendo varios beneficios sin\u00e9rgicos principalmente al sistema nervioso, debido a la combinaci\u00f3n de propiedades \u00fanicas de cada hongo adapt\u00f3geno.<\/p><ol><li><h3>Apoyo a la salud cerebral:<\/h3><p>La Melena de Le\u00f3n es conocida por su capacidad para mejorar la funci\u00f3n cognitiva y la salud cerebral al estimular el crecimiento de c\u00e9lulas nerviosas y promover la producci\u00f3n de factores de crecimiento en el cerebro. El Cordyceps tambi\u00e9n tiene efectos positivos en la funci\u00f3n cerebral, lo que hace que esta combinaci\u00f3n sea beneficiosa para la claridad mental y la concentraci\u00f3n.<\/p><\/li><li><h3>Refuerzo del sistema inmunol\u00f3gico:<\/h3><p>Ambos hongos adapt\u00f3genos tienen propiedades que fortalecen el sistema inmunol\u00f3gico, ayudando al cuerpo a combatir enfermedades e infecciones de manera m\u00e1s efectiva. Esta combinaci\u00f3n ofrece una protecci\u00f3n adicional al sistema inmune.<\/p><\/li><li><h3>Mejora de la resistencia f\u00edsica:<\/h3><p>Tanto la Melena de Le\u00f3n como el Cordyceps han sido tradicionalmente utilizados para aumentar la resistencia y la capacidad de ejercicio. La combinaci\u00f3n de estos hongos adapt\u00f3genos ayuda a mejorar la utilizaci\u00f3n de ox\u00edgeno, optimizar la producci\u00f3n de energ\u00eda y aumentar la resistencia f\u00edsica.<\/p><\/li><li><h3>Regulaci\u00f3n del estr\u00e9s y la ansiedad:<\/h3><p>Los adapt\u00f3genos como la Melena de Le\u00f3n y el Cordyceps tienen propiedades que ayudan a reducir los niveles de estr\u00e9s y ansiedad, promoviendo as\u00ed un mejor equilibrio emocional y mental.<\/p><\/li><li><h3>Propiedades antioxidantes:<\/h3><p>Ambos hongos contienen compuestos antioxidantes que combaten el estr\u00e9s oxidativo y protegen las c\u00e9lulas del da\u00f1o causado por los radicales libres, contribuyendo as\u00ed a la salud celular.<\/p><\/li><\/ol>\t\t\t\t\t\t\t\t<\/div>\n\t\t\t\t<\/div>\n\t\t\t\t\t<\/div>\n\t\t\t\t<\/div>\n\t\t\t\t<\/div>\n\t\t","protected":false},"excerpt":{"rendered":"<p><strong>Suplemento alimenticio en c\u00e1psulas a base de hongos: LION&#8217;S MANE y CORDYCEPS.<\/strong><\/p>\n<p>Potencia el rendimiento mental y de enfoque, contrarresta el da\u00f1o celular y declive cognitivo, reduce el estr\u00e9s, aumenta el riego sangu\u00edneo y brinda calma en general, por el contenido de antioxidantes.\u00a0En el deporte, mejora la conexi\u00f3n entre la mente y\u00a0el sistema muscular para generar mayores resultados en la resistencia y recuperaci\u00f3n.\u00a0\u00a0Antioxidante natural que aumenta la energ\u00eda y el rendimiento f\u00edsico, y disminuye la\u00a0fatiga.<\/p>\n","protected":false},"featured_media":17079,"comment_status":"open","ping_status":"closed","template":"","meta":{"_joinchat":[]},"product_brand":[],"product_cat":[72],"product_tag":[],"class_list":{"0":"post-15640","1":"product","2":"type-product","3":"status-publish","4":"has-post-thumbnail","6":"product_cat-hongos-medicinales","8":"first","9":"instock","10":"sale","11":"taxable","12":"shipping-taxable","13":"purchasable","14":"product-type-simple"},"yoast_head":"<!-- This site is optimized with the Yoast SEO plugin v27.3 - https:\/\/yoast.com\/product\/yoast-seo-wordpress\/ -->\n<title>MEMENTO - Recup\u00e9 Plus<\/title>\n<meta name=\"robots\" content=\"index, follow, max-snippet:-1, max-image-preview:large, max-video-preview:-1\" \/>\n<link rel=\"canonical\" href=\"https:\/\/recupeplus.com\/es_es\/producto\/memento\/\" \/>\n<meta property=\"og:locale\" content=\"es_ES\" \/>\n<meta property=\"og:type\" content=\"article\" \/>\n<meta property=\"og:title\" content=\"MEMENTO - Recup\u00e9 Plus\" \/>\n<meta property=\"og:description\" content=\"Suplemento alimenticio en c\u00e1psulas a base de hongos: LION&#039;S MANE y CORDYCEPS.  Potencia el rendimiento mental y de enfoque, contrarresta el da\u00f1o celular y declive cognitivo, reduce el estr\u00e9s, aumenta el riego sangu\u00edneo y brinda calma en general, por el contenido de antioxidantes.\u00a0En el deporte, mejora la conexi\u00f3n entre la mente y\u00a0el sistema muscular para generar mayores resultados en la resistencia y recuperaci\u00f3n.\u00a0\u00a0Antioxidante natural que aumenta la energ\u00eda y el rendimiento f\u00edsico, y disminuye la\u00a0fatiga.\" \/>\n<meta property=\"og:url\" content=\"https:\/\/recupeplus.com\/es_es\/producto\/memento\/\" \/>\n<meta property=\"og:site_name\" content=\"Recup\u00e9 Plus\" \/>\n<meta property=\"article:publisher\" content=\"https:\/\/www.facebook.com\/recupeplus\/\" \/>\n<meta property=\"article:modified_time\" content=\"2026-04-16T20:39:59+00:00\" \/>\n<meta property=\"og:image\" content=\"https:\/\/recupeplus.com\/wp-content\/uploads\/2024\/05\/memento-1.png\" \/>\n\t<meta property=\"og:image:width\" content=\"800\" \/>\n\t<meta property=\"og:image:height\" content=\"800\" \/>\n\t<meta property=\"og:image:type\" content=\"image\/png\" \/>\n<meta name=\"twitter:card\" content=\"summary_large_image\" \/>\n<meta name=\"twitter:label1\" content=\"Tiempo de lectura\" \/>\n\t<meta name=\"twitter:data1\" content=\"2 minutos\" \/>\n<script type=\"application\/ld+json\" class=\"yoast-schema-graph\">{\"@context\":\"https:\\\/\\\/schema.org\",\"@graph\":[{\"@type\":\"WebPage\",\"@id\":\"https:\\\/\\\/recupeplus.com\\\/producto\\\/memento\\\/\",\"url\":\"https:\\\/\\\/recupeplus.com\\\/producto\\\/memento\\\/\",\"name\":\"MEMENTO - Recup\u00e9 Plus\",\"isPartOf\":{\"@id\":\"https:\\\/\\\/recupeplus.com\\\/#website\"},\"primaryImageOfPage\":{\"@id\":\"https:\\\/\\\/recupeplus.com\\\/producto\\\/memento\\\/#primaryimage\"},\"image\":{\"@id\":\"https:\\\/\\\/recupeplus.com\\\/producto\\\/memento\\\/#primaryimage\"},\"thumbnailUrl\":\"https:\\\/\\\/recupeplus.com\\\/wp-content\\\/uploads\\\/2024\\\/05\\\/memento-1.png\",\"datePublished\":\"2024-05-15T17:47:33+00:00\",\"dateModified\":\"2026-04-16T20:39:59+00:00\",\"breadcrumb\":{\"@id\":\"https:\\\/\\\/recupeplus.com\\\/producto\\\/memento\\\/#breadcrumb\"},\"inLanguage\":\"es\",\"potentialAction\":[{\"@type\":\"ReadAction\",\"target\":[\"https:\\\/\\\/recupeplus.com\\\/producto\\\/memento\\\/\"]}]},{\"@type\":\"ImageObject\",\"inLanguage\":\"es\",\"@id\":\"https:\\\/\\\/recupeplus.com\\\/producto\\\/memento\\\/#primaryimage\",\"url\":\"https:\\\/\\\/recupeplus.com\\\/wp-content\\\/uploads\\\/2024\\\/05\\\/memento-1.png\",\"contentUrl\":\"https:\\\/\\\/recupeplus.com\\\/wp-content\\\/uploads\\\/2024\\\/05\\\/memento-1.png\",\"width\":800,\"height\":800},{\"@type\":\"BreadcrumbList\",\"@id\":\"https:\\\/\\\/recupeplus.com\\\/producto\\\/memento\\\/#breadcrumb\",\"itemListElement\":[{\"@type\":\"ListItem\",\"position\":1,\"name\":\"Portada\",\"item\":\"https:\\\/\\\/recupeplus.com\\\/\"},{\"@type\":\"ListItem\",\"position\":2,\"name\":\"Tienda en l\u00ednea\",\"item\":\"https:\\\/\\\/recupeplus.com\\\/tienda-en-linea\\\/\"},{\"@type\":\"ListItem\",\"position\":3,\"name\":\"MEMENTO\"}]},{\"@type\":\"WebSite\",\"@id\":\"https:\\\/\\\/recupeplus.com\\\/#website\",\"url\":\"https:\\\/\\\/recupeplus.com\\\/\",\"name\":\"Recup\u00e9 Plus\",\"description\":\"Hongos Medicinales\",\"publisher\":{\"@id\":\"https:\\\/\\\/recupeplus.com\\\/#organization\"},\"potentialAction\":[{\"@type\":\"SearchAction\",\"target\":{\"@type\":\"EntryPoint\",\"urlTemplate\":\"https:\\\/\\\/recupeplus.com\\\/?s={search_term_string}\"},\"query-input\":{\"@type\":\"PropertyValueSpecification\",\"valueRequired\":true,\"valueName\":\"search_term_string\"}}],\"inLanguage\":\"es\"},{\"@type\":\"Organization\",\"@id\":\"https:\\\/\\\/recupeplus.com\\\/#organization\",\"name\":\"Recup\u00e9 Plus\",\"url\":\"https:\\\/\\\/recupeplus.com\\\/\",\"logo\":{\"@type\":\"ImageObject\",\"inLanguage\":\"es\",\"@id\":\"https:\\\/\\\/recupeplus.com\\\/#\\\/schema\\\/logo\\\/image\\\/\",\"url\":\"https:\\\/\\\/recupeplus.com\\\/wp-content\\\/uploads\\\/2024\\\/05\\\/Logo_RecupePlus.avif\",\"contentUrl\":\"https:\\\/\\\/recupeplus.com\\\/wp-content\\\/uploads\\\/2024\\\/05\\\/Logo_RecupePlus.avif\",\"width\":500,\"height\":170,\"caption\":\"Recup\u00e9 Plus\"},\"image\":{\"@id\":\"https:\\\/\\\/recupeplus.com\\\/#\\\/schema\\\/logo\\\/image\\\/\"},\"sameAs\":[\"https:\\\/\\\/www.facebook.com\\\/recupeplus\\\/\"]}]}<\/script>\n<!-- \/ Yoast SEO plugin. -->","yoast_head_json":{"title":"MEMENTO - Recup\u00e9 Plus","robots":{"index":"index","follow":"follow","max-snippet":"max-snippet:-1","max-image-preview":"max-image-preview:large","max-video-preview":"max-video-preview:-1"},"canonical":"https:\/\/recupeplus.com\/es_es\/producto\/memento\/","og_locale":"es_ES","og_type":"article","og_title":"MEMENTO - Recup\u00e9 Plus","og_description":"Suplemento alimenticio en c\u00e1psulas a base de hongos: LION'S MANE y CORDYCEPS.  Potencia el rendimiento mental y de enfoque, contrarresta el da\u00f1o celular y declive cognitivo, reduce el estr\u00e9s, aumenta el riego sangu\u00edneo y brinda calma en general, por el contenido de antioxidantes.\u00a0En el deporte, mejora la conexi\u00f3n entre la mente y\u00a0el sistema muscular para generar mayores resultados en la resistencia y recuperaci\u00f3n.\u00a0\u00a0Antioxidante natural que aumenta la energ\u00eda y el rendimiento f\u00edsico, y disminuye la\u00a0fatiga.","og_url":"https:\/\/recupeplus.com\/es_es\/producto\/memento\/","og_site_name":"Recup\u00e9 Plus","article_publisher":"https:\/\/www.facebook.com\/recupeplus\/","article_modified_time":"2026-04-16T20:39:59+00:00","og_image":[{"width":800,"height":800,"url":"https:\/\/recupeplus.com\/wp-content\/uploads\/2024\/05\/memento-1.png","type":"image\/png"}],"twitter_card":"summary_large_image","twitter_misc":{"Tiempo de lectura":"2 minutos"},"schema":{"@context":"https:\/\/schema.org","@graph":[{"@type":"WebPage","@id":"https:\/\/recupeplus.com\/producto\/memento\/","url":"https:\/\/recupeplus.com\/producto\/memento\/","name":"MEMENTO - Recup\u00e9 Plus","isPartOf":{"@id":"https:\/\/recupeplus.com\/#website"},"primaryImageOfPage":{"@id":"https:\/\/recupeplus.com\/producto\/memento\/#primaryimage"},"image":{"@id":"https:\/\/recupeplus.com\/producto\/memento\/#primaryimage"},"thumbnailUrl":"https:\/\/recupeplus.com\/wp-content\/uploads\/2024\/05\/memento-1.png","datePublished":"2024-05-15T17:47:33+00:00","dateModified":"2026-04-16T20:39:59+00:00","breadcrumb":{"@id":"https:\/\/recupeplus.com\/producto\/memento\/#breadcrumb"},"inLanguage":"es","potentialAction":[{"@type":"ReadAction","target":["https:\/\/recupeplus.com\/producto\/memento\/"]}]},{"@type":"ImageObject","inLanguage":"es","@id":"https:\/\/recupeplus.com\/producto\/memento\/#primaryimage","url":"https:\/\/recupeplus.com\/wp-content\/uploads\/2024\/05\/memento-1.png","contentUrl":"https:\/\/recupeplus.com\/wp-content\/uploads\/2024\/05\/memento-1.png","width":800,"height":800},{"@type":"BreadcrumbList","@id":"https:\/\/recupeplus.com\/producto\/memento\/#breadcrumb","itemListElement":[{"@type":"ListItem","position":1,"name":"Portada","item":"https:\/\/recupeplus.com\/"},{"@type":"ListItem","position":2,"name":"Tienda en l\u00ednea","item":"https:\/\/recupeplus.com\/tienda-en-linea\/"},{"@type":"ListItem","position":3,"name":"MEMENTO"}]},{"@type":"WebSite","@id":"https:\/\/recupeplus.com\/#website","url":"https:\/\/recupeplus.com\/","name":"Recup\u00e9 Plus","description":"Hongos Medicinales","publisher":{"@id":"https:\/\/recupeplus.com\/#organization"},"potentialAction":[{"@type":"SearchAction","target":{"@type":"EntryPoint","urlTemplate":"https:\/\/recupeplus.com\/?s={search_term_string}"},"query-input":{"@type":"PropertyValueSpecification","valueRequired":true,"valueName":"search_term_string"}}],"inLanguage":"es"},{"@type":"Organization","@id":"https:\/\/recupeplus.com\/#organization","name":"Recup\u00e9 Plus","url":"https:\/\/recupeplus.com\/","logo":{"@type":"ImageObject","inLanguage":"es","@id":"https:\/\/recupeplus.com\/#\/schema\/logo\/image\/","url":"https:\/\/recupeplus.com\/wp-content\/uploads\/2024\/05\/Logo_RecupePlus.avif","contentUrl":"https:\/\/recupeplus.com\/wp-content\/uploads\/2024\/05\/Logo_RecupePlus.avif","width":500,"height":170,"caption":"Recup\u00e9 Plus"},"image":{"@id":"https:\/\/recupeplus.com\/#\/schema\/logo\/image\/"},"sameAs":["https:\/\/www.facebook.com\/recupeplus\/"]}]}},"_links":{"self":[{"href":"https:\/\/recupeplus.com\/es_es\/wp-json\/wp\/v2\/product\/15640","targetHints":{"allow":["GET"]}}],"collection":[{"href":"https:\/\/recupeplus.com\/es_es\/wp-json\/wp\/v2\/product"}],"about":[{"href":"https:\/\/recupeplus.com\/es_es\/wp-json\/wp\/v2\/types\/product"}],"replies":[{"embeddable":true,"href":"https:\/\/recupeplus.com\/es_es\/wp-json\/wp\/v2\/comments?post=15640"}],"version-history":[{"count":1,"href":"https:\/\/recupeplus.com\/es_es\/wp-json\/wp\/v2\/product\/15640\/revisions"}],"predecessor-version":[{"id":17081,"href":"https:\/\/recupeplus.com\/es_es\/wp-json\/wp\/v2\/product\/15640\/revisions\/17081"}],"wp:featuredmedia":[{"embeddable":true,"href":"https:\/\/recupeplus.com\/es_es\/wp-json\/wp\/v2\/media\/17079"}],"wp:attachment":[{"href":"https:\/\/recupeplus.com\/es_es\/wp-json\/wp\/v2\/media?parent=15640"}],"wp:term":[{"taxonomy":"product_brand","embeddable":true,"href":"https:\/\/recupeplus.com\/es_es\/wp-json\/wp\/v2\/product_brand?post=15640"},{"taxonomy":"product_cat","embeddable":true,"href":"https:\/\/recupeplus.com\/es_es\/wp-json\/wp\/v2\/product_cat?post=15640"},{"taxonomy":"product_tag","embeddable":true,"href":"https:\/\/recupeplus.com\/es_es\/wp-json\/wp\/v2\/product_tag?post=15640"}],"curies":[{"name":"wp","href":"https:\/\/api.w.org\/{rel}","templated":true}]}}