{"id":15659,"date":"2024-05-15T19:58:27","date_gmt":"2024-05-15T17:58:27","guid":{"rendered":"https:\/\/desarrollo.clickdigitalcr.com\/recupeplus\/?post_type=product&#038;p=15659"},"modified":"2026-04-16T19:31:40","modified_gmt":"2026-04-16T17:31:40","slug":"vitamin","status":"publish","type":"product","link":"https:\/\/recupeplus.com\/es_es\/producto\/vitamin\/","title":{"rendered":"VITAMIN"},"content":{"rendered":"","protected":false},"excerpt":{"rendered":"<p class=\"p1\">Este suplemento alimenticio a base de Mora y Vitamina C es un antioxidante que ayuda a proteger las c\u00e9lulas del da\u00f1o causado por los radicales libres, fortaleciendo as\u00ed el sistema inmunol\u00f3gico y reduciendo la gravedad y la duraci\u00f3n de los resfriados y otras infecciones. Adem\u00e1s, la vitamina C es esencial para la producci\u00f3n de col\u00e1geno, lo que promueve la salud de la piel, los huesos y las enc\u00edas. Tambi\u00e9n puede mejorar la absorci\u00f3n de hierro, ayudar a reducir la presi\u00f3n arterial y mejorar la salud cardiovascular en general. Tomar un suplemento diario de vitamina C puede ser una forma conveniente de asegurarse de obtener suficiente de este nutriente vital para mantener una buena salud.<\/p>\n","protected":false},"featured_media":17063,"comment_status":"open","ping_status":"closed","template":"","meta":{"_joinchat":[]},"product_brand":[],"product_cat":[71],"product_tag":[],"class_list":{"0":"post-15659","1":"product","2":"type-product","3":"status-publish","4":"has-post-thumbnail","6":"product_cat-gomitas-funcionales","8":"first","9":"instock","10":"taxable","11":"shipping-taxable","12":"purchasable","13":"product-type-simple"},"yoast_head":"<!-- This site is optimized with the Yoast SEO plugin v27.3 - https:\/\/yoast.com\/product\/yoast-seo-wordpress\/ -->\n<title>VITAMIN - Recup\u00e9 Plus<\/title>\n<meta name=\"robots\" content=\"index, follow, max-snippet:-1, max-image-preview:large, max-video-preview:-1\" \/>\n<link rel=\"canonical\" href=\"https:\/\/recupeplus.com\/es_es\/producto\/vitamin\/\" \/>\n<meta property=\"og:locale\" content=\"es_ES\" \/>\n<meta property=\"og:type\" content=\"article\" \/>\n<meta property=\"og:title\" content=\"VITAMIN - Recup\u00e9 Plus\" \/>\n<meta property=\"og:description\" content=\"Este suplemento alimenticio a base de Mora y Vitamina C es un antioxidante que ayuda a proteger las c\u00e9lulas del da\u00f1o causado por los radicales libres, fortaleciendo as\u00ed el sistema inmunol\u00f3gico y reduciendo la gravedad y la duraci\u00f3n de los resfriados y otras infecciones. Adem\u00e1s, la vitamina C es esencial para la producci\u00f3n de col\u00e1geno, lo que promueve la salud de la piel, los huesos y las enc\u00edas. Tambi\u00e9n puede mejorar la absorci\u00f3n de hierro, ayudar a reducir la presi\u00f3n arterial y mejorar la salud cardiovascular en general. Tomar un suplemento diario de vitamina C puede ser una forma conveniente de asegurarse de obtener suficiente de este nutriente vital para mantener una buena salud.\" \/>\n<meta property=\"og:url\" content=\"https:\/\/recupeplus.com\/es_es\/producto\/vitamin\/\" \/>\n<meta property=\"og:site_name\" content=\"Recup\u00e9 Plus\" \/>\n<meta property=\"article:publisher\" content=\"https:\/\/www.facebook.com\/recupeplus\/\" \/>\n<meta property=\"article:modified_time\" content=\"2026-04-16T17:31:40+00:00\" \/>\n<meta property=\"og:image\" content=\"https:\/\/recupeplus.com\/wp-content\/uploads\/2024\/05\/Vitamin.png\" \/>\n\t<meta property=\"og:image:width\" content=\"800\" \/>\n\t<meta property=\"og:image:height\" content=\"800\" \/>\n\t<meta property=\"og:image:type\" content=\"image\/png\" \/>\n<meta name=\"twitter:card\" content=\"summary_large_image\" \/>\n<meta name=\"twitter:label1\" content=\"Tiempo de lectura\" \/>\n\t<meta name=\"twitter:data1\" content=\"1 minuto\" \/>\n<script type=\"application\/ld+json\" class=\"yoast-schema-graph\">{\"@context\":\"https:\\\/\\\/schema.org\",\"@graph\":[{\"@type\":\"WebPage\",\"@id\":\"https:\\\/\\\/recupeplus.com\\\/producto\\\/vitamin\\\/\",\"url\":\"https:\\\/\\\/recupeplus.com\\\/producto\\\/vitamin\\\/\",\"name\":\"VITAMIN - Recup\u00e9 Plus\",\"isPartOf\":{\"@id\":\"https:\\\/\\\/recupeplus.com\\\/#website\"},\"primaryImageOfPage\":{\"@id\":\"https:\\\/\\\/recupeplus.com\\\/producto\\\/vitamin\\\/#primaryimage\"},\"image\":{\"@id\":\"https:\\\/\\\/recupeplus.com\\\/producto\\\/vitamin\\\/#primaryimage\"},\"thumbnailUrl\":\"https:\\\/\\\/recupeplus.com\\\/wp-content\\\/uploads\\\/2024\\\/05\\\/Vitamin.png\",\"datePublished\":\"2024-05-15T17:58:27+00:00\",\"dateModified\":\"2026-04-16T17:31:40+00:00\",\"breadcrumb\":{\"@id\":\"https:\\\/\\\/recupeplus.com\\\/producto\\\/vitamin\\\/#breadcrumb\"},\"inLanguage\":\"es\",\"potentialAction\":[{\"@type\":\"ReadAction\",\"target\":[\"https:\\\/\\\/recupeplus.com\\\/producto\\\/vitamin\\\/\"]}]},{\"@type\":\"ImageObject\",\"inLanguage\":\"es\",\"@id\":\"https:\\\/\\\/recupeplus.com\\\/producto\\\/vitamin\\\/#primaryimage\",\"url\":\"https:\\\/\\\/recupeplus.com\\\/wp-content\\\/uploads\\\/2024\\\/05\\\/Vitamin.png\",\"contentUrl\":\"https:\\\/\\\/recupeplus.com\\\/wp-content\\\/uploads\\\/2024\\\/05\\\/Vitamin.png\",\"width\":800,\"height\":800},{\"@type\":\"BreadcrumbList\",\"@id\":\"https:\\\/\\\/recupeplus.com\\\/producto\\\/vitamin\\\/#breadcrumb\",\"itemListElement\":[{\"@type\":\"ListItem\",\"position\":1,\"name\":\"Portada\",\"item\":\"https:\\\/\\\/recupeplus.com\\\/\"},{\"@type\":\"ListItem\",\"position\":2,\"name\":\"Tienda en l\u00ednea\",\"item\":\"https:\\\/\\\/recupeplus.com\\\/tienda-en-linea\\\/\"},{\"@type\":\"ListItem\",\"position\":3,\"name\":\"VITAMIN\"}]},{\"@type\":\"WebSite\",\"@id\":\"https:\\\/\\\/recupeplus.com\\\/#website\",\"url\":\"https:\\\/\\\/recupeplus.com\\\/\",\"name\":\"Recup\u00e9 Plus\",\"description\":\"Hongos Medicinales\",\"publisher\":{\"@id\":\"https:\\\/\\\/recupeplus.com\\\/#organization\"},\"potentialAction\":[{\"@type\":\"SearchAction\",\"target\":{\"@type\":\"EntryPoint\",\"urlTemplate\":\"https:\\\/\\\/recupeplus.com\\\/?s={search_term_string}\"},\"query-input\":{\"@type\":\"PropertyValueSpecification\",\"valueRequired\":true,\"valueName\":\"search_term_string\"}}],\"inLanguage\":\"es\"},{\"@type\":\"Organization\",\"@id\":\"https:\\\/\\\/recupeplus.com\\\/#organization\",\"name\":\"Recup\u00e9 Plus\",\"url\":\"https:\\\/\\\/recupeplus.com\\\/\",\"logo\":{\"@type\":\"ImageObject\",\"inLanguage\":\"es\",\"@id\":\"https:\\\/\\\/recupeplus.com\\\/#\\\/schema\\\/logo\\\/image\\\/\",\"url\":\"https:\\\/\\\/recupeplus.com\\\/wp-content\\\/uploads\\\/2024\\\/05\\\/Logo_RecupePlus.avif\",\"contentUrl\":\"https:\\\/\\\/recupeplus.com\\\/wp-content\\\/uploads\\\/2024\\\/05\\\/Logo_RecupePlus.avif\",\"width\":500,\"height\":170,\"caption\":\"Recup\u00e9 Plus\"},\"image\":{\"@id\":\"https:\\\/\\\/recupeplus.com\\\/#\\\/schema\\\/logo\\\/image\\\/\"},\"sameAs\":[\"https:\\\/\\\/www.facebook.com\\\/recupeplus\\\/\"]}]}<\/script>\n<!-- \/ Yoast SEO plugin. -->","yoast_head_json":{"title":"VITAMIN - Recup\u00e9 Plus","robots":{"index":"index","follow":"follow","max-snippet":"max-snippet:-1","max-image-preview":"max-image-preview:large","max-video-preview":"max-video-preview:-1"},"canonical":"https:\/\/recupeplus.com\/es_es\/producto\/vitamin\/","og_locale":"es_ES","og_type":"article","og_title":"VITAMIN - Recup\u00e9 Plus","og_description":"Este suplemento alimenticio a base de Mora y Vitamina C es un antioxidante que ayuda a proteger las c\u00e9lulas del da\u00f1o causado por los radicales libres, fortaleciendo as\u00ed el sistema inmunol\u00f3gico y reduciendo la gravedad y la duraci\u00f3n de los resfriados y otras infecciones. Adem\u00e1s, la vitamina C es esencial para la producci\u00f3n de col\u00e1geno, lo que promueve la salud de la piel, los huesos y las enc\u00edas. Tambi\u00e9n puede mejorar la absorci\u00f3n de hierro, ayudar a reducir la presi\u00f3n arterial y mejorar la salud cardiovascular en general. Tomar un suplemento diario de vitamina C puede ser una forma conveniente de asegurarse de obtener suficiente de este nutriente vital para mantener una buena salud.","og_url":"https:\/\/recupeplus.com\/es_es\/producto\/vitamin\/","og_site_name":"Recup\u00e9 Plus","article_publisher":"https:\/\/www.facebook.com\/recupeplus\/","article_modified_time":"2026-04-16T17:31:40+00:00","og_image":[{"width":800,"height":800,"url":"https:\/\/recupeplus.com\/wp-content\/uploads\/2024\/05\/Vitamin.png","type":"image\/png"}],"twitter_card":"summary_large_image","twitter_misc":{"Tiempo de lectura":"1 minuto"},"schema":{"@context":"https:\/\/schema.org","@graph":[{"@type":"WebPage","@id":"https:\/\/recupeplus.com\/producto\/vitamin\/","url":"https:\/\/recupeplus.com\/producto\/vitamin\/","name":"VITAMIN - Recup\u00e9 Plus","isPartOf":{"@id":"https:\/\/recupeplus.com\/#website"},"primaryImageOfPage":{"@id":"https:\/\/recupeplus.com\/producto\/vitamin\/#primaryimage"},"image":{"@id":"https:\/\/recupeplus.com\/producto\/vitamin\/#primaryimage"},"thumbnailUrl":"https:\/\/recupeplus.com\/wp-content\/uploads\/2024\/05\/Vitamin.png","datePublished":"2024-05-15T17:58:27+00:00","dateModified":"2026-04-16T17:31:40+00:00","breadcrumb":{"@id":"https:\/\/recupeplus.com\/producto\/vitamin\/#breadcrumb"},"inLanguage":"es","potentialAction":[{"@type":"ReadAction","target":["https:\/\/recupeplus.com\/producto\/vitamin\/"]}]},{"@type":"ImageObject","inLanguage":"es","@id":"https:\/\/recupeplus.com\/producto\/vitamin\/#primaryimage","url":"https:\/\/recupeplus.com\/wp-content\/uploads\/2024\/05\/Vitamin.png","contentUrl":"https:\/\/recupeplus.com\/wp-content\/uploads\/2024\/05\/Vitamin.png","width":800,"height":800},{"@type":"BreadcrumbList","@id":"https:\/\/recupeplus.com\/producto\/vitamin\/#breadcrumb","itemListElement":[{"@type":"ListItem","position":1,"name":"Portada","item":"https:\/\/recupeplus.com\/"},{"@type":"ListItem","position":2,"name":"Tienda en l\u00ednea","item":"https:\/\/recupeplus.com\/tienda-en-linea\/"},{"@type":"ListItem","position":3,"name":"VITAMIN"}]},{"@type":"WebSite","@id":"https:\/\/recupeplus.com\/#website","url":"https:\/\/recupeplus.com\/","name":"Recup\u00e9 Plus","description":"Hongos Medicinales","publisher":{"@id":"https:\/\/recupeplus.com\/#organization"},"potentialAction":[{"@type":"SearchAction","target":{"@type":"EntryPoint","urlTemplate":"https:\/\/recupeplus.com\/?s={search_term_string}"},"query-input":{"@type":"PropertyValueSpecification","valueRequired":true,"valueName":"search_term_string"}}],"inLanguage":"es"},{"@type":"Organization","@id":"https:\/\/recupeplus.com\/#organization","name":"Recup\u00e9 Plus","url":"https:\/\/recupeplus.com\/","logo":{"@type":"ImageObject","inLanguage":"es","@id":"https:\/\/recupeplus.com\/#\/schema\/logo\/image\/","url":"https:\/\/recupeplus.com\/wp-content\/uploads\/2024\/05\/Logo_RecupePlus.avif","contentUrl":"https:\/\/recupeplus.com\/wp-content\/uploads\/2024\/05\/Logo_RecupePlus.avif","width":500,"height":170,"caption":"Recup\u00e9 Plus"},"image":{"@id":"https:\/\/recupeplus.com\/#\/schema\/logo\/image\/"},"sameAs":["https:\/\/www.facebook.com\/recupeplus\/"]}]}},"_links":{"self":[{"href":"https:\/\/recupeplus.com\/es_es\/wp-json\/wp\/v2\/product\/15659","targetHints":{"allow":["GET"]}}],"collection":[{"href":"https:\/\/recupeplus.com\/es_es\/wp-json\/wp\/v2\/product"}],"about":[{"href":"https:\/\/recupeplus.com\/es_es\/wp-json\/wp\/v2\/types\/product"}],"replies":[{"embeddable":true,"href":"https:\/\/recupeplus.com\/es_es\/wp-json\/wp\/v2\/comments?post=15659"}],"version-history":[{"count":0,"href":"https:\/\/recupeplus.com\/es_es\/wp-json\/wp\/v2\/product\/15659\/revisions"}],"wp:featuredmedia":[{"embeddable":true,"href":"https:\/\/recupeplus.com\/es_es\/wp-json\/wp\/v2\/media\/17063"}],"wp:attachment":[{"href":"https:\/\/recupeplus.com\/es_es\/wp-json\/wp\/v2\/media?parent=15659"}],"wp:term":[{"taxonomy":"product_brand","embeddable":true,"href":"https:\/\/recupeplus.com\/es_es\/wp-json\/wp\/v2\/product_brand?post=15659"},{"taxonomy":"product_cat","embeddable":true,"href":"https:\/\/recupeplus.com\/es_es\/wp-json\/wp\/v2\/product_cat?post=15659"},{"taxonomy":"product_tag","embeddable":true,"href":"https:\/\/recupeplus.com\/es_es\/wp-json\/wp\/v2\/product_tag?post=15659"}],"curies":[{"name":"wp","href":"https:\/\/api.w.org\/{rel}","templated":true}]}}